{"id":1413,"date":"2025-04-04T16:28:15","date_gmt":"2025-04-04T14:28:15","guid":{"rendered":"https:\/\/seminare.lancologne.de\/?page_id=1413"},"modified":"2025-04-09T12:32:28","modified_gmt":"2025-04-09T10:32:28","slug":"it-forensik-mit-belkasoft-evidence-center-x-6-8-10-2025","status":"publish","type":"page","link":"https:\/\/seminare.lancologne.de\/en\/seminars\/it-forensics-seminars-for-companies\/it-forensik-mit-belkasoft-evidence-center-x-6-8-10-2025\/","title":{"rendered":"IT-Forensik mit Belkasoft Evidence Center X 6. \u2013 8.10.2025\u2028"},"content":{"rendered":"<p>[et_pb_section fb_built=&#8220;1&#8243; admin_label=&#8220;Hero&#8220; _builder_version=&#8220;4.27.2&#8243; _module_preset=&#8220;_module_preset=&#8220; background_color_gradient_direction=&#8220;-90deg&#8220; background_image=&#8220;https:\/\/seminare.lancologne.de\/wp-content\/uploads\/2024\/09\/Installing_Software_On_Phone_original_796175.jpg&#8220; custom_padding=&#8220;8vw||8vw||true|false&#8220; locked=&#8220;off&#8220; collapsed=&#8220;off&#8220; global_colors_info=&#8220;{}&#8220;][et_pb_row column_structure=&#8220;2_3,1_3&#8243; _builder_version=&#8220;4.27.2&#8243; _module_preset=&#8220;5138c454-be54-4233-bd3b-f8e6a8747976&#8243; use_background_color_gradient=&#8220;on&#8220; background_color_gradient_direction=&#8220;90deg&#8220; background_color_gradient_stops=&#8220;rgba(0,0,0,0.4) 0%|rgba(0,0,0,0.3) 60%|rgba(0,0,0,0) 100%&#8220; background_color_gradient_overlays_image=&#8220;on&#8220; custom_margin=&#8220;||||false|false&#8220; custom_padding=&#8220;|||30px|false|false&#8220; background_last_edited=&#8220;on|desktop&#8220; use_background_color_gradient_tablet=&#8220;on&#8220; background_color_gradient_stops_tablet=&#8220;rgba(0,0,0,0.4) 0%|rgba(0,0,0,0.3) 95%|rgba(0,0,0,0) 100%&#8220; locked=&#8220;off&#8220; global_colors_info=&#8220;{}&#8220;][et_pb_column type=&#8220;2_3&#8243; _builder_version=&#8220;4.16&#8243; _module_preset=&#8220;73121f80-a3ef-4484-8763-c3f18e3c56d2&#8243; global_colors_info=&#8220;{}&#8220;][et_pb_heading title=&#8220;IT-Forensik mit Belkasoft Evidence Center X 6. \u2013 8.10.2025\u2028&#8220; _builder_version=&#8220;4.27.4&#8243; _module_preset=&#8220;ddeb8c09-9078-4424-bc15-2efb6572e28e&#8220; title_text_color=&#8220;#FFFFFF&#8220; custom_margin=&#8220;||22px|||&#8220; custom_padding=&#8220;||10px|||&#8220; hover_enabled=&#8220;0&#8243; locked=&#8220;off&#8220; global_colors_info=&#8220;{}&#8220; sticky_enabled=&#8220;0&#8243;][\/et_pb_heading][\/et_pb_column][et_pb_column type=&#8220;1_3&#8243; _builder_version=&#8220;4.16&#8243; _module_preset=&#8220;73121f80-a3ef-4484-8763-c3f18e3c56d2&#8243; global_colors_info=&#8220;{}&#8220;][\/et_pb_column][\/et_pb_row][\/et_pb_section][et_pb_section fb_built=&#8220;1&#8243; _builder_version=&#8220;4.27.0&#8243; _module_preset=&#8220;default&#8220; custom_padding=&#8220;54px|||||&#8220; global_colors_info=&#8220;{}&#8220;][et_pb_row _builder_version=&#8220;4.27.2&#8243; _module_preset=&#8220;default&#8220; custom_padding=&#8220;||||false|false&#8220; global_colors_info=&#8220;{}&#8220;][et_pb_column type=&#8220;4_4&#8243; _builder_version=&#8220;4.27.0&#8243; _module_preset=&#8220;default&#8220; global_colors_info=&#8220;{}&#8220;][et_pb_blurb title=&#8220;Kosten f\u00fcr das Seminar pro Teilnehmer, Schulung findet in Deutsch und Englisch statt.&#8220; _builder_version=&#8220;4.27.4&#8243; _module_preset=&#8220;default&#8220; header_level=&#8220;h2&#8243; text_orientation=&#8220;center&#8220; custom_margin=&#8220;||50px||false|false&#8220; custom_padding=&#8220;||||false|false&#8220; global_colors_info=&#8220;{}&#8220;]<\/p>\n<p><strong>3925,81 EUR inkl. 19 % MwSt.<\/strong><br \/><strong>(<span>3299,-<\/span> EUR netto + 626,81 EUR MwSt.)<\/strong><\/p>\n<p>[\/et_pb_blurb][\/et_pb_column][\/et_pb_row][et_pb_row _builder_version=&#8220;4.27.0&#8243; _module_preset=&#8220;default&#8220; global_colors_info=&#8220;{}&#8220;][et_pb_column type=&#8220;4_4&#8243; _builder_version=&#8220;4.27.0&#8243; _module_preset=&#8220;default&#8220; global_colors_info=&#8220;{}&#8220;][et_pb_text _builder_version=&#8220;4.27.4&#8243; _module_preset=&#8220;default&#8220; custom_margin=&#8220;-26px||||false|false&#8220; custom_padding=&#8220;4px|||||&#8220; global_colors_info=&#8220;{}&#8220;]<\/p>\n<p><b><span class=\"Apple-converted-space\">\u00a0<\/span>IT-Forensik mit Belkasoft Evidence Center X<\/b><b><\/b><\/p>\n<p><b>Datum:<\/b>\u00a06. \u2013 8. Oktober 2025<br \/><b>Ort:<\/b>\u00a0Frankfurt am Main<br \/><b>Trainer:<\/b>\u00a0Risto Popovski, Peer B\u00f6ttcher<br \/><b>Schulungszeiten:<\/b>\u00a009:00 \u2013 18:30 Uhr<\/p>\n<p><b>Pausenzeiten:<\/b><\/p>\n<ul>\n<li><b>Vormittagspause:<\/b>\u00a010:30 \u2013 10:45 Uhr<\/li>\n<li><b>Mittagspause:<\/b>\u00a013:30 \u2013 14:30 Uhr<\/li>\n<li><b>Nachmittagspause:<\/b>\u00a015:30 \u2013 15:45 Uhr<\/li>\n<\/ul>\n<p>&nbsp;<\/p>\n<p><b>Zertifikat von Belkasoft<\/b><\/p>\n<p>Am Ende der Schulung findet eine\u00a0<b>Abschlusspr\u00fcfung<\/b>\u00a0statt, in der die Teilnehmer ihr Wissen unter Beweis stellen. Alle Teilnehmer, die die Pr\u00fcfung erfolgreich bestehen, erhalten ein\u00a0<b>offizielles Zertifikat von Belkasoft<\/b>, das ihre Kenntnisse und F\u00e4higkeiten im Umgang mit\u00a0<b>Belkasoft Evidence Center X<\/b>\u00a0best\u00e4tigt. Dieses Zertifikat ist ein wertvoller Nachweis f\u00fcr Fachkenntnisse in der digitalen Forensik und kann sowohl f\u00fcr beh\u00f6rdliche als auch private forensische Untersuchungen genutzt werden.<\/p>\n<p>\ud83d\udd39<b> Zielgruppe:<\/b> IT-Forensiker, Strafverfolgungsbeh\u00f6rden, IT-Sicherheitsberater<\/p>\n<p>\ud83d\udd39<b> Vorkenntnisse:<\/b> Grundkenntnisse in IT-Forensik von Vorteil, aber nicht zwingend erforderlich<\/p>\n<p>\ud83d\udd39<b> Zertifikat:<\/b> Teilnahmezertifikat mit detaillierter Themen\u00fcbersicht<\/p>\n<p>Alle Teilnehmer erhalten eine kostenfreie vollumf\u00e4ngliche Lizenz Gratis f\u00fcr 30 Tage, um auch nach dem Seminar die jeweilig erlernten Kenntnisse und F\u00e4higkeiten zu vertiefen<\/p>\n<p>[\/et_pb_text][\/et_pb_column][\/et_pb_row][et_pb_row _builder_version=&#8220;4.27.0&#8243; _module_preset=&#8220;default&#8220; global_colors_info=&#8220;{}&#8220;][et_pb_column type=&#8220;4_4&#8243; _builder_version=&#8220;4.27.0&#8243; _module_preset=&#8220;default&#8220; global_colors_info=&#8220;{}&#8220;][et_pb_tabs disabled_on=&#8220;off|off|off&#8220; _builder_version=&#8220;4.27.4&#8243; _module_preset=&#8220;default&#8220; global_colors_info=&#8220;{%22gcid-36fd78a7-34bc-404d-873c-dafa34efaae5%22:%91%22icon_color%22,%22icon_color%22,%22icon_color%22,%22icon_color%22,%22icon_color%22,%22icon_color%22,%22icon_color%22,%22icon_color%22,%22icon_color%22,%22icon_color%22,%22icon_color%22%93,%22gcid-828accbb-1ed2-407d-95be-20ab4e191566%22:%91%22border_color_all%22,%22border_color_all%22,%22border_color_all%22,%22border_color_all%22,%22border_color_all%22,%22border_color_all%22,%22border_color_all%22,%22border_color_all%22,%22border_color_all%22,%22border_color_all%22,%22border_color_all%22%93,%22gcid-body-color%22:%91%22body_text_color%22,%22body_text_color%22,%22body_text_color%22,%22body_text_color%22,%22body_text_color%22,%22body_text_color%22,%22body_text_color%22,%22body_text_color%22,%22body_text_color%22,%22body_text_color%22,%22body_text_color%22%93,%22gcid-primary-color%22:%91%22body_link_text_color%22,%22active_tab_text_color%22,%22body_link_text_color%22,%22active_tab_text_color%22,%22body_link_text_color%22,%22active_tab_text_color%22,%22body_link_text_color%22,%22active_tab_text_color%22,%22body_link_text_color%22,%22active_tab_text_color%22,%22body_link_text_color%22,%22active_tab_text_color%22,%22body_link_text_color%22,%22active_tab_text_color%22,%22body_link_text_color%22,%22active_tab_text_color%22,%22body_link_text_color%22,%22active_tab_text_color%22,%22body_link_text_color%22,%22active_tab_text_color%22,%22body_link_text_color%22,%22active_tab_text_color%22%93,%22gcid-heading-color%22:%91%22tab_text_color%22,%22tab_text_color%22,%22tab_text_color%22,%22tab_text_color%22,%22tab_text_color%22,%22tab_text_color%22,%22tab_text_color%22,%22tab_text_color%22,%22tab_text_color%22,%22tab_text_color%22,%22tab_text_color%22%93}&#8220;][et_pb_tab title=&#8220;Tag 1 \u2013 6. Oktober 2025&#8243; _builder_version=&#8220;4.27.4&#8243; _module_preset=&#8220;default&#8220; global_colors_info=&#8220;{}&#8220;]<\/p>\n<p><b>Einf\u00fchrung in die IT-Forensik &amp; Belkasoft Evidence Center X<\/b><\/p>\n<p><b>09:00 \u2013 09:30 | Begr\u00fc\u00dfung &amp; Vorstellung<\/b><\/p>\n<ul>\n<li>Einf\u00fchrung durch den Trainer und Vorstellung der Teilnehmer<\/li>\n<li>Erwartungsabfrage: Ziele und Vorkenntnisse der Teilnehmer<\/li>\n<li>\u00dcberblick \u00fcber den Ablauf der Schulung und Methodik<\/li>\n<\/ul>\n<p><b>09:30 \u2013 10:30 | Grundlagen der IT-Forensik<\/b><\/p>\n<ul>\n<li>Definition und Relevanz der IT-Forensik<\/li>\n<li>Der forensische Prozess: Identifikation, Sicherung, Analyse, Dokumentation<\/li>\n<li>Rechtliche Rahmenbedingungen, DSGVO &amp; digitale Beweisf\u00fchrung in der Strafverfolgung<\/li>\n<\/ul>\n<p><b>10:30 \u2013 10:45 | <\/b>\u2615<b> Vormittagspause<\/b><\/p>\n<p><b>10:45 \u2013 11:45 | Einf\u00fchrung in Belkasoft Evidence Center X<\/b><\/p>\n<ul>\n<li>\u00dcberblick \u00fcber Funktionen und Einsatzbereiche<\/li>\n<li>Unterst\u00fctzte Datenquellen: Computer, mobile Ger\u00e4te, Cloud-Dienste, IoT<\/li>\n<li>Navigation und Benutzeroberfl\u00e4che<\/li>\n<\/ul>\n<p><b>11:45 \u2013 13:30 | Installation &amp; erste Schritte<\/b><\/p>\n<ul>\n<li>Systemanforderungen &amp; Installation<\/li>\n<li>Lizenzierung und Aktivierung<\/li>\n<li>Erste Projekte: Fallmanagement und Datenimport<\/li>\n<\/ul>\n<p><b>13:30 \u2013 14:30 | <\/b>\ud83c\udf7d\ufe0f<b> Mittagspause<\/b><\/p>\n<p><b>14:30 \u2013 15:30 | Datenakquisition mit Belkasoft Evidence Center X<\/b><\/p>\n<ul>\n<li>Physische vs. logische Datenerfassung<\/li>\n<li>Mobile &amp; Cloud-Datenextraktion<\/li>\n<li>Best Practices zur Beweissicherung<\/li>\n<\/ul>\n<p><b>15:30 \u2013 15:45 | <\/b>\u2615<b> Nachmittagspause<\/b><\/p>\n<p><b>15:45 \u2013 18:30 | Erste Analyse von digitalen Beweismitteln<\/b><\/p>\n<ul>\n<li>Automatisierte Suche nach forensischen Artefakten<\/li>\n<li>Nutzung von BelkaGPT zur KI-gest\u00fctzten Analyse<\/li>\n<li><b>Praxis\u00fcbung:<\/b>\u00a0Anlegen eines Falls &amp; erste Datensicherung<\/li>\n<\/ul>\n<p>[\/et_pb_tab][et_pb_tab title=&#8220;Tag 2 \u2013 7. Oktober 2025&#8243; _builder_version=&#8220;4.27.4&#8243; _module_preset=&#8220;default&#8220; global_colors_info=&#8220;{}&#8220;]<\/p>\n<p><b>Vertiefung der Analysefunktionen &amp; erweiterte Techniken<\/b><\/p>\n<p><b>09:00 \u2013 10:30 | Untersuchung von Kommunikationsdaten<\/b><\/p>\n<ul>\n<li>Chat-Verl\u00e4ufe, E-Mails &amp; soziale Netzwerke<\/li>\n<li>Wiederherstellung gel\u00f6schter Nachrichten<\/li>\n<li>Analyse verschl\u00fcsselter Daten<\/li>\n<\/ul>\n<p><b>10:30 \u2013 10:45 | <\/b>\u2615<b> Vormittagspause<\/b><\/p>\n<p><b>10:45 \u2013 11:45 | Dateisystemanalyse &amp; Wiederherstellungstechniken<\/b><\/p>\n<ul>\n<li>Untersuchung von NTFS, FAT, APFS &amp; ext4<\/li>\n<li>Wiederherstellung gel\u00f6schter &amp; besch\u00e4digter Dateien<\/li>\n<li>Carving-Techniken zur Datenextraktion<\/li>\n<\/ul>\n<p><b>11:45 \u2013 13:30 | Arbeit mit Speicherabbildern &amp; RAM-Analyse<\/b><\/p>\n<ul>\n<li>Erstellung &amp; Untersuchung von Speicherabbildern<\/li>\n<li>Identifikation von fl\u00fcchtigen Daten &amp; Malware<\/li>\n<li>Integration von Volatility f\u00fcr tiefere Analysen<\/li>\n<\/ul>\n<p><b>13:30 \u2013 14:30 | <\/b>\ud83c\udf7d\ufe0f<b> Mittagspause<\/b><\/p>\n<p><b>14:30 \u2013 15:30 | Cloud-Forensik mit Belkasoft<\/b><\/p>\n<ul>\n<li>Extraktion &amp; Analyse von iCloud, Google Drive &amp; Co.<\/li>\n<li>API-gest\u00fctzte vs. agentenbasierte Erfassung<\/li>\n<li>Herausforderungen &amp; rechtliche Aspekte<\/li>\n<\/ul>\n<p><b>15:30 \u2013 15:45 | <\/b>\u2615<b> Nachmittagspause<\/b><\/p>\n<p><b>15:45 \u2013 18:30 | Mobile Forensik &amp; Praxis\u00fcbung<\/b><\/p>\n<ul>\n<li>Forensische Untersuchung von iOS &amp; Android<\/li>\n<li>Passcode-Cracking &amp; Analyse gesperrter Ger\u00e4te<\/li>\n<li><b>Praxis\u00fcbung:<\/b>\u00a0Durchf\u00fchren einer vollst\u00e4ndigen forensischen Analyse<\/li>\n<\/ul>\n<p>[\/et_pb_tab][et_pb_tab title=&#8220;Tag 3 \u2013 8. Oktober 2025&#8243; _builder_version=&#8220;4.27.4&#8243; _module_preset=&#8220;default&#8220; global_colors_info=&#8220;{}&#8220;]<\/p>\n<p><b>Spezialthemen, Best Practices &amp; Abschlusspr\u00fcfung<\/b><\/p>\n<p><b>09:00 \u2013 10:30 | Windows-Forensik &amp; Registry-Analyse<\/b><\/p>\n<ul>\n<li>Untersuchung von Windows-Registry-Dateien<\/li>\n<li>Analyse von Benutzeraktivit\u00e4ten, zuletzt ge\u00f6ffnete Dateien, Prefetch-Daten<\/li>\n<li>Artefaktanalyse: Event Logs, Jumplists &amp; Shellbags<\/li>\n<\/ul>\n<p><b>10:30 \u2013 10:45 | <\/b>\u2615<b> Vormittagspause<\/b><\/p>\n<p><b>10:45 \u2013 11:45 | Automatisierung &amp; Skripting mit Belkasoft<\/b><\/p>\n<ul>\n<li>Nutzung von Python f\u00fcr Automatisierungsaufgaben<\/li>\n<li>Erstellung benutzerdefinierter Parser &amp; Plugins<\/li>\n<li>Integration in bestehende Workflows<\/li>\n<\/ul>\n<p><b>11:45 \u2013 13:30 | Erstellung gerichtsverwertbarer Berichte<\/b><\/p>\n<ul>\n<li>Detaillierte Dokumentation &amp; Vorlagenanpassung<\/li>\n<li>Anforderungen an gerichtsfeste Berichte<\/li>\n<li>Best Practices zur Pr\u00e4sentation von Ergebnissen<\/li>\n<\/ul>\n<p><b>13:30 \u2013 14:30 | <\/b>\ud83c\udf7d\ufe0f<b> Mittagspause<\/b><\/p>\n<p><b>14:30 \u2013 15:30 | Fallstudien &amp; praktische Anwendungsbeispiele<\/b><\/p>\n<ul>\n<li>Analyse realer Fallstudien<\/li>\n<li>Diskussion forensischer Herausforderungen<\/li>\n<li>Anwendung forensischer Methoden in echten Szenarien<\/li>\n<\/ul>\n<p><b>15:30 \u2013 15:45 | <\/b>\u2615<b> Nachmittagspause<\/b><\/p>\n<p><b>**15:45 \u2013 17:00 |\u00a0Abschlusspr\u00fcfung<\/b><\/p>\n<ul>\n<li><b>Dauer:<\/b>\u00a075 Minuten<\/li>\n<li><b>Inhalt:<\/b>\u00a0Theorie- und Praxisfragen zur IT-Forensik &amp; Belkasoft Evidence Center X<\/li>\n<li><b>Ziel:<\/b>\u00a0Nachweis fundierter Kenntnisse &amp; praktischer Anwendung<\/li>\n<\/ul>\n<p><b>17:00 \u2013 18:30 | Abschlussbesprechung &amp; Zertifikats\u00fcbergabe<\/b><\/p>\n<ul>\n<li>Diskussion der Pr\u00fcfungsergebnisse<\/li>\n<li>Zusammenfassung der Schulungsinhalte<\/li>\n<li><b>Zertifikatsvergabe:<\/b>\u00a0Erfolgreiche Teilnehmer erhalten ein offizielles Zertifikat von Belkasoft<\/li>\n<\/ul>\n<p>[\/et_pb_tab][\/et_pb_tabs][\/et_pb_column][\/et_pb_row][et_pb_row _builder_version=&#8220;4.24.3&#8243; _module_preset=&#8220;c9cfaba2-2263-4f35-8227-8d16ca8bd1cc&#8220; custom_padding=&#8220;60px|60px|60px|60px|false|true&#8220; border_radii_tablet=&#8220;on|30px|30px|30px|30px&#8220; border_radii_phone=&#8220;on|20px|20px|20px|20px&#8220; border_radii_last_edited=&#8220;off|desktop&#8220; global_colors_info=&#8220;{}&#8220;][et_pb_column type=&#8220;4_4&#8243; _builder_version=&#8220;4.16&#8243; _module_preset=&#8220;73121f80-a3ef-4484-8763-c3f18e3c56d2&#8243; global_colors_info=&#8220;{}&#8220;][et_pb_heading title=&#8220;Teilnahme am Seminar kostenpflichtig buchen.&#8220; _builder_version=&#8220;4.24.3&#8243; _module_preset=&#8220;c33f07d9-41e0-421a-8799-5799df695cce&#8220; title_text_align=&#8220;center&#8220; locked=&#8220;off&#8220; global_colors_info=&#8220;{}&#8220;][\/et_pb_heading][et_pb_text _builder_version=&#8220;4.27.0&#8243; _module_preset=&#8220;2c55a9c4-feed-423b-9edb-ae0b5b365cac&#8220; text_orientation=&#8220;center&#8220; module_alignment=&#8220;center&#8220; locked=&#8220;off&#8220; global_colors_info=&#8220;{}&#8220;]<\/p>\n<p>Nutzen Sie unser Formular, um eine Buchung f\u00fcr ein Seminar abzusenden.\u00a0<br \/><span>Es gelten unsere<\/span>\u00a0<a href=\"\/agb\">AGB<\/a> sowie das <a href=\"\/widerrufsrecht\">Widerrufsrecht<\/a> f\u00fcr Verbraucher.<\/p>\n<p>[\/et_pb_text][et_pb_contact_form email=&#8220;seminare@lancologne.de&#8220; title=&#8220;Buchungsformular f\u00fcr Seminar&#8220; custom_message=&#8220;Neue Buchung f\u00fcr Seminare IT-Forensik mit Belkasoft Evidence Center X 6. \u2013 8. Oktober 2025\u2028||et_pb_line_break_holder||||et_pb_line_break_holder||||et_pb_line_break_holder||Name: %%Name%%||et_pb_line_break_holder||||et_pb_line_break_holder||E-Mail: %%E-Mail%%||et_pb_line_break_holder||||et_pb_line_break_holder||Nachricht: %%Message%%||et_pb_line_break_holder||||et_pb_line_break_holder||Telefon: %%Telefon%%&#8220; success_message=&#8220;Vielen Dank f\u00fcr Ihre Nachricht. Wir werden uns so schnell wie m\u00f6glich bei Ihnen melden, um Ihre Buchung zu besprechen.&#8220; submit_button_text=&#8220;Jetzt kostenpflichtig buchen&#8220; _builder_version=&#8220;4.27.4&#8243; _module_preset=&#8220;347de7c5-8eec-4fb2-89ad-e07c220a4ead&#8220; _unique_id=&#8220;ceddc97d-3019-4508-a1f2-667b6f23809b&#8220; title_level=&#8220;h2&#8243; locked=&#8220;off&#8220; global_colors_info=&#8220;{}&#8220;][et_pb_contact_field field_id=&#8220;Name&#8220; field_title=&#8220;*Name (Pflichtfeld)&#8220; _builder_version=&#8220;4.27.0&#8243; _module_preset=&#8220;default&#8220; global_colors_info=&#8220;{}&#8220; button_text_size__hover_enabled=&#8220;off&#8220; button_one_text_size__hover_enabled=&#8220;off&#8220; button_two_text_size__hover_enabled=&#8220;off&#8220; button_text_color__hover_enabled=&#8220;off&#8220; button_one_text_color__hover_enabled=&#8220;off&#8220; button_two_text_color__hover_enabled=&#8220;off&#8220; button_border_width__hover_enabled=&#8220;off&#8220; button_one_border_width__hover_enabled=&#8220;off&#8220; button_two_border_width__hover_enabled=&#8220;off&#8220; button_border_color__hover_enabled=&#8220;off&#8220; button_one_border_color__hover_enabled=&#8220;off&#8220; button_two_border_color__hover_enabled=&#8220;off&#8220; button_border_radius__hover_enabled=&#8220;off&#8220; button_one_border_radius__hover_enabled=&#8220;off&#8220; button_two_border_radius__hover_enabled=&#8220;off&#8220; button_letter_spacing__hover_enabled=&#8220;off&#8220; button_one_letter_spacing__hover_enabled=&#8220;off&#8220; button_two_letter_spacing__hover_enabled=&#8220;off&#8220; button_bg_color__hover_enabled=&#8220;off&#8220; button_one_bg_color__hover_enabled=&#8220;off&#8220; button_two_bg_color__hover_enabled=&#8220;off&#8220;][\/et_pb_contact_field][et_pb_contact_field field_id=&#8220;E-Mail&#8220; field_title=&#8220;*E-Mail Adresse  (Pflichtfeld)&#8220; field_type=&#8220;email&#8220; _builder_version=&#8220;4.27.4&#8243; _module_preset=&#8220;default&#8220; global_colors_info=&#8220;{}&#8220; button_text_size__hover_enabled=&#8220;off&#8220; button_one_text_size__hover_enabled=&#8220;off&#8220; button_two_text_size__hover_enabled=&#8220;off&#8220; button_text_color__hover_enabled=&#8220;off&#8220; button_one_text_color__hover_enabled=&#8220;off&#8220; button_two_text_color__hover_enabled=&#8220;off&#8220; button_border_width__hover_enabled=&#8220;off&#8220; button_one_border_width__hover_enabled=&#8220;off&#8220; button_two_border_width__hover_enabled=&#8220;off&#8220; button_border_color__hover_enabled=&#8220;off&#8220; button_one_border_color__hover_enabled=&#8220;off&#8220; button_two_border_color__hover_enabled=&#8220;off&#8220; button_border_radius__hover_enabled=&#8220;off&#8220; button_one_border_radius__hover_enabled=&#8220;off&#8220; button_two_border_radius__hover_enabled=&#8220;off&#8220; button_letter_spacing__hover_enabled=&#8220;off&#8220; button_one_letter_spacing__hover_enabled=&#8220;off&#8220; button_two_letter_spacing__hover_enabled=&#8220;off&#8220; button_bg_color__hover_enabled=&#8220;off&#8220; button_one_bg_color__hover_enabled=&#8220;off&#8220; button_two_bg_color__hover_enabled=&#8220;off&#8220;][\/et_pb_contact_field][et_pb_contact_field field_id=&#8220;Message&#8220; field_title=&#8220;*Kundendaten, Rechnungsanschrift und weitere Informationen (Pflichtfeld)&#8220; field_type=&#8220;text&#8220; fullwidth_field=&#8220;on&#8220; _builder_version=&#8220;4.27.4&#8243; _module_preset=&#8220;default&#8220; global_colors_info=&#8220;{}&#8220; button_text_size__hover_enabled=&#8220;off&#8220; button_one_text_size__hover_enabled=&#8220;off&#8220; button_two_text_size__hover_enabled=&#8220;off&#8220; button_text_color__hover_enabled=&#8220;off&#8220; button_one_text_color__hover_enabled=&#8220;off&#8220; button_two_text_color__hover_enabled=&#8220;off&#8220; button_border_width__hover_enabled=&#8220;off&#8220; button_one_border_width__hover_enabled=&#8220;off&#8220; button_two_border_width__hover_enabled=&#8220;off&#8220; button_border_color__hover_enabled=&#8220;off&#8220; button_one_border_color__hover_enabled=&#8220;off&#8220; button_two_border_color__hover_enabled=&#8220;off&#8220; button_border_radius__hover_enabled=&#8220;off&#8220; button_one_border_radius__hover_enabled=&#8220;off&#8220; button_two_border_radius__hover_enabled=&#8220;off&#8220; button_letter_spacing__hover_enabled=&#8220;off&#8220; button_one_letter_spacing__hover_enabled=&#8220;off&#8220; button_two_letter_spacing__hover_enabled=&#8220;off&#8220; button_bg_color__hover_enabled=&#8220;off&#8220; button_one_bg_color__hover_enabled=&#8220;off&#8220; button_two_bg_color__hover_enabled=&#8220;off&#8220;][\/et_pb_contact_field][et_pb_contact_field field_id=&#8220;Telefon&#8220; field_title=&#8220;*Telefon (Pflichtfeld)&#8220; fullwidth_field=&#8220;on&#8220; _builder_version=&#8220;4.27.0&#8243; _module_preset=&#8220;default&#8220; global_colors_info=&#8220;{}&#8220;][\/et_pb_contact_field][\/et_pb_contact_form][et_pb_text _builder_version=&#8220;4.27.0&#8243; _module_preset=&#8220;default&#8220; custom_padding=&#8220;||0px|||&#8220; global_colors_info=&#8220;{}&#8220;]<\/p>\n<p>Weitere Informationen finden Sie in unserer <a href=\"\/datenschutz\">Datenschutzerkl\u00e4rung<\/a>. Die mit * gekennzeichneten Felder sind Pflichtfelder.<\/p>\n<p>[\/et_pb_text][\/et_pb_column][\/et_pb_row][\/et_pb_section]<\/p>\n","protected":false},"excerpt":{"rendered":"<p>3925,81 EUR inkl. 19 % MwSt.(3299,- EUR netto + 626,81 EUR MwSt.)\u00a0IT-Forensik mit Belkasoft Evidence Center X Datum:\u00a06. \u2013 8. Oktober 2025Ort:\u00a0Frankfurt am MainTrainer:\u00a0Risto Popovski, Peer B\u00f6ttcherSchulungszeiten:\u00a009:00 \u2013 18:30 Uhr Pausenzeiten: Vormittagspause:\u00a010:30 \u2013 10:45 Uhr Mittagspause:\u00a013:30 \u2013 14:30 Uhr Nachmittagspause:\u00a015:30 \u2013 15:45 Uhr &nbsp; Zertifikat von Belkasoft Am Ende der Schulung findet eine\u00a0Abschlusspr\u00fcfung\u00a0statt, in der [&hellip;]<\/p>\n","protected":false},"author":4,"featured_media":0,"parent":599,"menu_order":0,"comment_status":"closed","ping_status":"closed","template":"","meta":{"_et_pb_use_builder":"on","_et_pb_old_content":"","_et_gb_content_width":"","footnotes":""},"class_list":["post-1413","page","type-page","status-publish","hentry"],"_links":{"self":[{"href":"https:\/\/seminare.lancologne.de\/en\/wp-json\/wp\/v2\/pages\/1413","targetHints":{"allow":["GET"]}}],"collection":[{"href":"https:\/\/seminare.lancologne.de\/en\/wp-json\/wp\/v2\/pages"}],"about":[{"href":"https:\/\/seminare.lancologne.de\/en\/wp-json\/wp\/v2\/types\/page"}],"author":[{"embeddable":true,"href":"https:\/\/seminare.lancologne.de\/en\/wp-json\/wp\/v2\/users\/4"}],"replies":[{"embeddable":true,"href":"https:\/\/seminare.lancologne.de\/en\/wp-json\/wp\/v2\/comments?post=1413"}],"version-history":[{"count":4,"href":"https:\/\/seminare.lancologne.de\/en\/wp-json\/wp\/v2\/pages\/1413\/revisions"}],"predecessor-version":[{"id":1465,"href":"https:\/\/seminare.lancologne.de\/en\/wp-json\/wp\/v2\/pages\/1413\/revisions\/1465"}],"up":[{"embeddable":true,"href":"https:\/\/seminare.lancologne.de\/en\/wp-json\/wp\/v2\/pages\/599"}],"wp:attachment":[{"href":"https:\/\/seminare.lancologne.de\/en\/wp-json\/wp\/v2\/media?parent=1413"}],"curies":[{"name":"wp","href":"https:\/\/api.w.org\/{rel}","templated":true}]}}