{"id":1407,"date":"2025-04-04T16:25:30","date_gmt":"2025-04-04T14:25:30","guid":{"rendered":"https:\/\/seminare.lancologne.de\/?page_id=1407"},"modified":"2025-04-09T12:35:14","modified_gmt":"2025-04-09T10:35:14","slug":"praesenztraining-mobile-forensik-mit-mobiledit-forensics-27-29-10-2025","status":"publish","type":"page","link":"https:\/\/seminare.lancologne.de\/en\/seminars\/mobile-forensics\/praesenztraining-mobile-forensik-mit-mobiledit-forensics-27-29-10-2025\/","title":{"rendered":"Pr\u00e4senztraining \u201eMobile Forensik mit MOBILedit Forensics\u201c 27. \u2013 29.10.2025"},"content":{"rendered":"<p>[et_pb_section fb_built=&#8220;1&#8243; admin_label=&#8220;Hero&#8220; _builder_version=&#8220;4.27.2&#8243; _module_preset=&#8220;_module_preset=&#8220; background_color_gradient_direction=&#8220;-90deg&#8220; background_image=&#8220;https:\/\/seminare.lancologne.de\/wp-content\/uploads\/2024\/09\/Installing_Software_On_Phone_original_796175.jpg&#8220; custom_padding=&#8220;8vw||8vw||true|false&#8220; locked=&#8220;off&#8220; collapsed=&#8220;off&#8220; global_colors_info=&#8220;{}&#8220;][et_pb_row column_structure=&#8220;2_3,1_3&#8243; _builder_version=&#8220;4.27.2&#8243; _module_preset=&#8220;5138c454-be54-4233-bd3b-f8e6a8747976&#8243; use_background_color_gradient=&#8220;on&#8220; background_color_gradient_direction=&#8220;90deg&#8220; background_color_gradient_stops=&#8220;rgba(0,0,0,0.4) 0%|rgba(0,0,0,0.3) 60%|rgba(0,0,0,0) 100%&#8220; background_color_gradient_overlays_image=&#8220;on&#8220; custom_margin=&#8220;||||false|false&#8220; custom_padding=&#8220;|||30px|false|false&#8220; background_last_edited=&#8220;on|desktop&#8220; use_background_color_gradient_tablet=&#8220;on&#8220; background_color_gradient_stops_tablet=&#8220;rgba(0,0,0,0.4) 0%|rgba(0,0,0,0.3) 95%|rgba(0,0,0,0) 100%&#8220; locked=&#8220;off&#8220; global_colors_info=&#8220;{}&#8220;][et_pb_column type=&#8220;2_3&#8243; _builder_version=&#8220;4.16&#8243; _module_preset=&#8220;73121f80-a3ef-4484-8763-c3f18e3c56d2&#8243; global_colors_info=&#8220;{}&#8220;][et_pb_heading title=&#8220;Pr\u00e4senztraining \u201eMobile Forensik mit MOBILedit Forensics\u201c 27. \u2013 29.10.2025&#8243; _builder_version=&#8220;4.27.4&#8243; _module_preset=&#8220;ddeb8c09-9078-4424-bc15-2efb6572e28e&#8220; title_text_color=&#8220;#FFFFFF&#8220; custom_margin=&#8220;||22px|||&#8220; custom_padding=&#8220;||10px|||&#8220; hover_enabled=&#8220;0&#8243; locked=&#8220;off&#8220; global_colors_info=&#8220;{}&#8220; sticky_enabled=&#8220;0&#8243;][\/et_pb_heading][\/et_pb_column][et_pb_column type=&#8220;1_3&#8243; _builder_version=&#8220;4.16&#8243; _module_preset=&#8220;73121f80-a3ef-4484-8763-c3f18e3c56d2&#8243; global_colors_info=&#8220;{}&#8220;][\/et_pb_column][\/et_pb_row][\/et_pb_section][et_pb_section fb_built=&#8220;1&#8243; _builder_version=&#8220;4.27.0&#8243; _module_preset=&#8220;default&#8220; custom_padding=&#8220;54px|||||&#8220; global_colors_info=&#8220;{}&#8220;][et_pb_row _builder_version=&#8220;4.27.2&#8243; _module_preset=&#8220;default&#8220; custom_padding=&#8220;||||false|false&#8220; global_colors_info=&#8220;{}&#8220;][et_pb_column type=&#8220;4_4&#8243; _builder_version=&#8220;4.27.0&#8243; _module_preset=&#8220;default&#8220; global_colors_info=&#8220;{}&#8220;][et_pb_blurb title=&#8220;Kosten f\u00fcr das Seminar pro Teilnehmer, Schulung findet in Deutsch und Englisch statt.&#8220; _builder_version=&#8220;4.27.4&#8243; _module_preset=&#8220;default&#8220; header_level=&#8220;h2&#8243; text_orientation=&#8220;center&#8220; custom_margin=&#8220;||50px||false|false&#8220; custom_padding=&#8220;||||false|false&#8220; global_colors_info=&#8220;{}&#8220;]<\/p>\n<p><strong>3925,81 EUR inkl. 19 % MwSt.<\/strong><br \/><strong>(<span>3299,-<\/span> EUR netto + 626,81 EUR MwSt.)<\/strong><\/p>\n<p>[\/et_pb_blurb][\/et_pb_column][\/et_pb_row][et_pb_row _builder_version=&#8220;4.27.0&#8243; _module_preset=&#8220;default&#8220; global_colors_info=&#8220;{}&#8220;][et_pb_column type=&#8220;4_4&#8243; _builder_version=&#8220;4.27.0&#8243; _module_preset=&#8220;default&#8220; global_colors_info=&#8220;{}&#8220;][et_pb_text _builder_version=&#8220;4.27.4&#8243; _module_preset=&#8220;default&#8220; custom_margin=&#8220;-26px||||false|false&#8220; custom_padding=&#8220;4px|||||&#8220; global_colors_info=&#8220;{}&#8220;]<\/p>\n<p><b>Pr\u00e4senztraining \u201eMobile Forensik mit MOBILedit Forensics\u201c<\/b><b><\/b><\/p>\n<p>\ud83d\udcc5 <b>Datum:<\/b> 27. \u2013 29. Oktober 2025<\/p>\n<p>\ud83d\udccd <b>Ort:<\/b> Frankfurt am Main<\/p>\n<p>\ud83d\udc68\u200d\ud83c\udfeb <b>Trainer:<\/b> Risto Popovski, Peer B\u00f6ttcher, Dr. Luca Cadonici<\/p>\n<p>\u23f0 <b>Schulungszeiten:<\/b> T\u00e4glich 09:00 \u2013 18:30 Uhr<\/p>\n<p><b>Pausenzeiten:<\/b><b><\/b><\/p>\n<p>\u2022 \u2615 <b>Vormittagspause:<\/b> 10:30 \u2013 10:45 Uhr<\/p>\n<p>\u2022 \ud83c\udf7d\ufe0f <b>Mittagspause:<\/b> 13:30 \u2013 14:30 Uhr<\/p>\n<p>\u2022 \u2615 <b>Nachmittagspause:<\/b> 15:30 \u2013 15:45 Uhr<\/p>\n<p>&nbsp;<\/p>\n<p>\ud83d\udd39<b> Zielgruppe:<\/b> IT-Forensiker, Strafverfolgungsbeh\u00f6rden, IT-Sicherheitsberater<\/p>\n<p>\ud83d\udd39<b> Vorkenntnisse:<\/b> Grundkenntnisse in IT-Forensik von Vorteil, aber nicht zwingend erforderlich<\/p>\n<p>\ud83d\udd39<b> Zertifikat:<\/b> Teilnahmezertifikat mit detaillierter Themen\u00fcbersicht<\/p>\n<p>Alle Teilnehmer erhalten eine kostenfreie vollumf\u00e4ngliche Lizenz Gratis f\u00fcr 30 Tage, um auch nach dem Seminar die jeweilig erlernten Kenntnisse und F\u00e4higkeiten zu vertiefen<\/p>\n<p>[\/et_pb_text][\/et_pb_column][\/et_pb_row][et_pb_row _builder_version=&#8220;4.27.0&#8243; _module_preset=&#8220;default&#8220; global_colors_info=&#8220;{}&#8220;][et_pb_column type=&#8220;4_4&#8243; _builder_version=&#8220;4.27.0&#8243; _module_preset=&#8220;default&#8220; global_colors_info=&#8220;{}&#8220;][et_pb_tabs disabled_on=&#8220;off|off|off&#8220; _builder_version=&#8220;4.27.4&#8243; _module_preset=&#8220;default&#8220; global_colors_info=&#8220;{%22gcid-36fd78a7-34bc-404d-873c-dafa34efaae5%22:%91%22icon_color%22,%22icon_color%22,%22icon_color%22,%22icon_color%22,%22icon_color%22,%22icon_color%22,%22icon_color%22,%22icon_color%22,%22icon_color%22,%22icon_color%22,%22icon_color%22%93,%22gcid-828accbb-1ed2-407d-95be-20ab4e191566%22:%91%22border_color_all%22,%22border_color_all%22,%22border_color_all%22,%22border_color_all%22,%22border_color_all%22,%22border_color_all%22,%22border_color_all%22,%22border_color_all%22,%22border_color_all%22,%22border_color_all%22,%22border_color_all%22%93,%22gcid-body-color%22:%91%22body_text_color%22,%22body_text_color%22,%22body_text_color%22,%22body_text_color%22,%22body_text_color%22,%22body_text_color%22,%22body_text_color%22,%22body_text_color%22,%22body_text_color%22,%22body_text_color%22,%22body_text_color%22%93,%22gcid-primary-color%22:%91%22body_link_text_color%22,%22active_tab_text_color%22,%22body_link_text_color%22,%22active_tab_text_color%22,%22body_link_text_color%22,%22active_tab_text_color%22,%22body_link_text_color%22,%22active_tab_text_color%22,%22body_link_text_color%22,%22active_tab_text_color%22,%22body_link_text_color%22,%22active_tab_text_color%22,%22body_link_text_color%22,%22active_tab_text_color%22,%22body_link_text_color%22,%22active_tab_text_color%22,%22body_link_text_color%22,%22active_tab_text_color%22,%22body_link_text_color%22,%22active_tab_text_color%22,%22body_link_text_color%22,%22active_tab_text_color%22%93,%22gcid-heading-color%22:%91%22tab_text_color%22,%22tab_text_color%22,%22tab_text_color%22,%22tab_text_color%22,%22tab_text_color%22,%22tab_text_color%22,%22tab_text_color%22,%22tab_text_color%22,%22tab_text_color%22,%22tab_text_color%22,%22tab_text_color%22%93}&#8220;][et_pb_tab title=&#8220;Tag 1 \u2013 27. Oktober 2025&#8243; _builder_version=&#8220;4.27.4&#8243; _module_preset=&#8220;default&#8220; global_colors_info=&#8220;{}&#8220;]<\/p>\n<p><b>Grundlagen der mobilen Forensik &amp; Einf\u00fchrung in MOBILedit Forensics<\/b><b><\/b><\/p>\n<p><b>09:00 \u2013 09:30 | Begr\u00fc\u00dfung &amp; Vorstellung der Schulungsziele<\/b><b><\/b><\/p>\n<p>\u2022 Einf\u00fchrung durch den Trainer<\/p>\n<p>\u2022 Vorstellung der Teilnehmer und Erwartungshaltung<\/p>\n<p>\u2022 \u00dcberblick \u00fcber den Ablauf der Schulung<\/p>\n<p><b>09:30 \u2013 10:30 | Grundlagen der mobilen Forensik<\/b><b><\/b><\/p>\n<p>\u2022 Bedeutung der mobilen Forensik in der digitalen Beweissicherung<\/p>\n<p>\u2022 Technologische Entwicklungen &amp; Herausforderungen<\/p>\n<p>\u2022 Typische Beweisquellen auf Mobilger\u00e4ten<\/p>\n<p>\u2022 Einf\u00fchrung in forensische Methoden und Best Practices<\/p>\n<p><b>10:30 \u2013 10:45 | <\/b>\u2615<b> Vormittagspause<\/b><b><\/b><\/p>\n<p><b>10:45 \u2013 11:45 | Einf\u00fchrung in MOBILedit Forensics<\/b><b><\/b><\/p>\n<p>\u2022 \u00dcberblick \u00fcber die Funktionen &amp; Lizenzmodelle<\/p>\n<p>\u2022 Unterschiede zwischen MOBILedit Forensics, MOBILedit Cloud Forensic &amp; MOBILedit Forensic Ultra<\/p>\n<p>\u2022 Anwendungsf\u00e4lle &amp; unterst\u00fctzte Ger\u00e4tetypen<\/p>\n<p><b>11:45 \u2013 13:30 | Installation &amp; Einrichtung von MOBILedit Forensics<\/b><b><\/b><\/p>\n<p>\u2022 Systemanforderungen &amp; Installation<\/p>\n<p>\u2022 Erste Schritte: Benutzeroberfl\u00e4che &amp; Konfigurationsoptionen<\/p>\n<p>\u2022 Lizenzaktivierung &amp; Updates<\/p>\n<p><b>13:30 \u2013 14:30 | <\/b>\ud83c\udf7d\ufe0f<b> Mittagspause<\/b><b><\/b><\/p>\n<p><b>14:30 \u2013 15:30 | Verbindung &amp; Datenerfassung von Mobilger\u00e4ten<\/b><b><\/b><\/p>\n<p>\u2022 Ger\u00e4tekopplung \u00fcber USB, Bluetooth &amp; Wi-Fi<\/p>\n<p>\u2022 Erste Datenanalyse ohne Root-Zugriff<\/p>\n<p>\u2022 Umgang mit gesperrten &amp; verschl\u00fcsselten Ger\u00e4ten<\/p>\n<p><b>15:30 \u2013 15:45 | <\/b>\u2615<b> Nachmittagspause<\/b><b><\/b><\/p>\n<p><b>15:45 \u2013 17:00 | Extraktion von Daten aus Mobilger\u00e4ten<\/b><b><\/b><\/p>\n<p>\u2022 Sicherung von Kontakten, Anruflisten &amp; Nachrichten<\/p>\n<p>\u2022 Metadatenanalyse: Zeitstempel, Dateieigenschaften &amp; Manipulationserkennung<\/p>\n<p>\u2022 Speicherabbilder vs. logische Extraktion<\/p>\n<p><b>17:00 \u2013 18:30 | Praxis\u00fcbung: Erste Datensicherung &amp; Berichtserstellung<\/b><b><\/b><\/p>\n<p>\u2022 Extraktion eines vollst\u00e4ndigen Datenabzugs<\/p>\n<p>\u2022 Analyse &amp; Interpretation erster forensischer Spuren<\/p>\n<p>\u2022 Erstellung eines gerichtsverwertbaren Berichts<\/p>\n<p>[\/et_pb_tab][et_pb_tab title=&#8220;Tag 2 \u2013 28. Oktober 2025&#8243; _builder_version=&#8220;4.27.4&#8243; _module_preset=&#8220;default&#8220; global_colors_info=&#8220;{}&#8220;]<\/p>\n<p><b>Vertiefung der forensischen Analyse mit MOBILedit Forensics<\/b><b><\/b><\/p>\n<p><b>09:00 \u2013 10:30 | Untersuchung von Kommunikationsdaten<\/b><b><\/b><\/p>\n<p>\u2022 Analyse von Anrufprotokollen &amp; SMS\/MMS<\/p>\n<p>\u2022 Messenger-Forensik: WhatsApp, Telegram, Signal &amp; Co.<\/p>\n<p>\u2022 Wiederherstellung gel\u00f6schter Nachrichten<\/p>\n<p><b>10:30 \u2013 10:45 | <\/b>\u2615<b> Vormittagspause<\/b><b><\/b><\/p>\n<p><b>10:45 \u2013 11:45 | Dateisystemanalyse &amp; Recovery-Techniken<\/b><b><\/b><\/p>\n<p>\u2022 Zugriff auf versteckte &amp; gel\u00f6schte Dateien<\/p>\n<p>\u2022 Speicherstruktur von Android &amp; iOS<\/p>\n<p>\u2022 Wiederherstellung von Fotos, Videos &amp; Dokumenten<\/p>\n<p><b>11:45 \u2013 13:30 | Erweiterte Such- &amp; Filtermethoden<\/b><b><\/b><\/p>\n<p>\u2022 Nutzung von Schl\u00fcsselw\u00f6rtern &amp; regul\u00e4ren Ausdr\u00fccken<\/p>\n<p>\u2022 Kategorisierung &amp; Tagging von forensischen Beweismitteln<\/p>\n<p>\u2022 Zeitachsenanalyse zur Rekonstruktion von Ereignissen<\/p>\n<p><b>13:30 \u2013 14:30 | <\/b>\ud83c\udf7d\ufe0f<b> Mittagspause<\/b><b><\/b><\/p>\n<p><b>14:30 \u2013 15:30 | Cloud-Forensik mit MOBILedit Cloud Forensic<\/b><b><\/b><\/p>\n<p>\u2022 Extraktion von iCloud- &amp; Google-Konten<\/p>\n<p>\u2022 Analyse von Cloud-Backups &amp; Online-Speicherdiensten<\/p>\n<p>\u2022 Herausforderungen &amp; rechtliche Aspekte der Cloud-Forensik<\/p>\n<p><b>15:30 \u2013 15:45 | <\/b>\u2615<b> Nachmittagspause<\/b><b><\/b><\/p>\n<p><b>15:45 \u2013 17:00 | Analyse gesicherter Apps &amp; verschl\u00fcsselter Daten<\/b><b><\/b><\/p>\n<p>\u2022 Zugriff auf App-Datenbanken &amp; verschl\u00fcsselte Dateien<\/p>\n<p>\u2022 Techniken zur Entschl\u00fcsselung &amp; Passwort-Wiederherstellung<\/p>\n<p>\u2022 Spezialfall: Analyse von Banking- &amp; Social Media-Apps<\/p>\n<p><b>17:00 \u2013 18:30 | Praxis\u00fcbung: Durchf\u00fchrung einer kompletten Datenanalyse<\/b><b><\/b><\/p>\n<p>\u2022 Extraktion, Filterung &amp; Interpretation relevanter Daten<\/p>\n<p>\u2022 Erstellung eines abschlie\u00dfenden Untersuchungsberichts<\/p>\n<p>\u2022 Diskussion offener Fragen<\/p>\n<p>[\/et_pb_tab][et_pb_tab title=&#8220;Tag 3 \u2013 29. Oktober 2025&#8243; _builder_version=&#8220;4.27.4&#8243; _module_preset=&#8220;default&#8220; global_colors_info=&#8220;{}&#8220;]<\/p>\n<p><b>Spezialthemen &amp; Abschlusspr\u00fcfung<\/b><b><\/b><\/p>\n<p><b>09:00 \u2013 10:30 | Smartwatch-Forensik &amp; Wearables<\/b><b><\/b><\/p>\n<p>\u2022 Datenextraktion von Apple Watch, Samsung Galaxy Watch &amp; WearOS-Ger\u00e4ten<\/p>\n<p>\u2022 Bedeutung von Fitness- &amp; Gesundheitsdaten in der Forensik<\/p>\n<p>\u2022 Methoden zur Sicherung &amp; Auswertung<\/p>\n<p><b>10:30 \u2013 10:45 | <\/b>\u2615<b> Vormittagspause<\/b><b><\/b><\/p>\n<p><b>10:45 \u2013 11:45 | Sicherheitsumgehung &amp; Entsperrtechniken<\/b><b><\/b><\/p>\n<p>\u2022 Einsatz von MOBILedit Forensic Ultra f\u00fcr Passcode-Bypass<\/p>\n<p>\u2022 SIM-Karten &amp; Netzbetreiber-Informationen auslesen<\/p>\n<p>\u2022 Techniken zur Analyse von gelockten &amp; defekten Ger\u00e4ten<\/p>\n<p><b>11:45 \u2013 13:30 | Integration in den forensischen Workflow<\/b><b><\/b><\/p>\n<p>\u2022 Berichterstellung nach rechtlichen Vorgaben<\/p>\n<p>\u2022 Dokumentation &amp; Beweismittelsicherung f\u00fcr Gerichte<\/p>\n<p>\u2022 Nutzung von MOBILedit in Verbindung mit anderen Forensik-Tools<\/p>\n<p><b>13:30 \u2013 14:30 | <\/b>\ud83c\udf7d\ufe0f<b> Mittagspause<\/b><b><\/b><\/p>\n<p><b>14:30 \u2013 15:30 | Fallstudien &amp; Best Practices in der mobilen Forensik<\/b><b><\/b><\/p>\n<p>\u2022 Vorstellung realer Fallbeispiele<\/p>\n<p>\u2022 Herausforderungen &amp; L\u00f6sungsans\u00e4tze in der Praxis<\/p>\n<p>\u2022 Diskussionsrunde zu Best Practices<\/p>\n<p><b>15:30 \u2013 15:45 | <\/b>\u2615<b> Nachmittagspause<\/b><b><\/b><\/p>\n<p><b>15:45 \u2013 17:00 | Praxispr\u00fcfung: Komplette Fallbearbeitung von A bis Z<\/b><b><\/b><\/p>\n<p>\u2022 Bearbeitung eines simulierten Falls mit allen erlernten Techniken<\/p>\n<p>\u2022 Erstellung eines Abschlussberichts zur Pr\u00e4sentation<\/p>\n<p><b>17:00 \u2013 18:00 | Abschlussdiskussion &amp; Zertifikatsvergabe<\/b><b><\/b><\/p>\n<p>\u2022 Q&amp;A: Kl\u00e4rung offener Fragen<\/p>\n<p>\u2022 Feedbackrunde der Teilnehmer<\/p>\n<p>\u2022 Ausgabe der Teilnahmezertifikate<\/p>\n<p><b>18:00 \u2013 18:30 | Verabschiedung &amp; Networking<\/b><b><\/b><\/p>\n<p>\u2022 M\u00f6glichkeit zum pers\u00f6nlichen Austausch<\/p>\n<p>\u2022 Diskussion \u00fcber weiterf\u00fchrende Schulungen &amp; Spezialisierungen<\/p>\n<p>[\/et_pb_tab][\/et_pb_tabs][\/et_pb_column][\/et_pb_row][et_pb_row _builder_version=&#8220;4.24.3&#8243; _module_preset=&#8220;c9cfaba2-2263-4f35-8227-8d16ca8bd1cc&#8220; custom_padding=&#8220;60px|60px|60px|60px|false|true&#8220; border_radii_tablet=&#8220;on|30px|30px|30px|30px&#8220; border_radii_phone=&#8220;on|20px|20px|20px|20px&#8220; border_radii_last_edited=&#8220;off|desktop&#8220; global_colors_info=&#8220;{}&#8220;][et_pb_column type=&#8220;4_4&#8243; _builder_version=&#8220;4.16&#8243; _module_preset=&#8220;73121f80-a3ef-4484-8763-c3f18e3c56d2&#8243; global_colors_info=&#8220;{}&#8220;][et_pb_heading title=&#8220;Teilnahme am Seminar kostenpflichtig buchen.&#8220; _builder_version=&#8220;4.24.3&#8243; _module_preset=&#8220;c33f07d9-41e0-421a-8799-5799df695cce&#8220; title_text_align=&#8220;center&#8220; locked=&#8220;off&#8220; global_colors_info=&#8220;{}&#8220;][\/et_pb_heading][et_pb_text _builder_version=&#8220;4.27.0&#8243; _module_preset=&#8220;2c55a9c4-feed-423b-9edb-ae0b5b365cac&#8220; text_orientation=&#8220;center&#8220; module_alignment=&#8220;center&#8220; locked=&#8220;off&#8220; global_colors_info=&#8220;{}&#8220;]<\/p>\n<p>Nutzen Sie unser Formular, um eine Buchung f\u00fcr ein Seminar abzusenden.\u00a0<br \/><span>Es gelten unsere<\/span>\u00a0<a href=\"\/agb\">AGB<\/a> sowie das <a href=\"\/widerrufsrecht\">Widerrufsrecht<\/a> f\u00fcr Verbraucher.<\/p>\n<p>[\/et_pb_text][et_pb_contact_form email=&#8220;seminare@lancologne.de&#8220; title=&#8220;Buchungsformular f\u00fcr Seminar&#8220; custom_message=&#8220;Neue Buchung f\u00fcr Seminare Pr\u00e4senztraining \u201eMobile Forensik mit MOBILedit Forensics\u201c||et_pb_line_break_holder||||et_pb_line_break_holder||||et_pb_line_break_holder||||et_pb_line_break_holder||Name: %%Name%%||et_pb_line_break_holder||||et_pb_line_break_holder||E-Mail: %%E-Mail%%||et_pb_line_break_holder||||et_pb_line_break_holder||Nachricht: %%Message%%||et_pb_line_break_holder||||et_pb_line_break_holder||Telefon: %%Telefon%%&#8220; success_message=&#8220;Vielen Dank f\u00fcr Ihre Nachricht. Wir werden uns so schnell wie m\u00f6glich bei Ihnen melden, um Ihre Buchung zu besprechen.&#8220; submit_button_text=&#8220;Jetzt kostenpflichtig buchen&#8220; _builder_version=&#8220;4.27.4&#8243; _module_preset=&#8220;347de7c5-8eec-4fb2-89ad-e07c220a4ead&#8220; _unique_id=&#8220;ceddc97d-3019-4508-a1f2-667b6f23809b&#8220; title_level=&#8220;h2&#8243; locked=&#8220;off&#8220; global_colors_info=&#8220;{}&#8220;][et_pb_contact_field field_id=&#8220;Name&#8220; field_title=&#8220;*Name (Pflichtfeld)&#8220; _builder_version=&#8220;4.27.0&#8243; _module_preset=&#8220;default&#8220; global_colors_info=&#8220;{}&#8220; button_text_size__hover_enabled=&#8220;off&#8220; button_one_text_size__hover_enabled=&#8220;off&#8220; button_two_text_size__hover_enabled=&#8220;off&#8220; button_text_color__hover_enabled=&#8220;off&#8220; button_one_text_color__hover_enabled=&#8220;off&#8220; button_two_text_color__hover_enabled=&#8220;off&#8220; button_border_width__hover_enabled=&#8220;off&#8220; button_one_border_width__hover_enabled=&#8220;off&#8220; button_two_border_width__hover_enabled=&#8220;off&#8220; button_border_color__hover_enabled=&#8220;off&#8220; button_one_border_color__hover_enabled=&#8220;off&#8220; button_two_border_color__hover_enabled=&#8220;off&#8220; button_border_radius__hover_enabled=&#8220;off&#8220; button_one_border_radius__hover_enabled=&#8220;off&#8220; button_two_border_radius__hover_enabled=&#8220;off&#8220; button_letter_spacing__hover_enabled=&#8220;off&#8220; button_one_letter_spacing__hover_enabled=&#8220;off&#8220; button_two_letter_spacing__hover_enabled=&#8220;off&#8220; button_bg_color__hover_enabled=&#8220;off&#8220; button_one_bg_color__hover_enabled=&#8220;off&#8220; button_two_bg_color__hover_enabled=&#8220;off&#8220;][\/et_pb_contact_field][et_pb_contact_field field_id=&#8220;E-Mail&#8220; field_title=&#8220;*E-Mail Adresse  (Pflichtfeld)&#8220; field_type=&#8220;email&#8220; _builder_version=&#8220;4.27.4&#8243; _module_preset=&#8220;default&#8220; global_colors_info=&#8220;{}&#8220; button_text_size__hover_enabled=&#8220;off&#8220; button_one_text_size__hover_enabled=&#8220;off&#8220; button_two_text_size__hover_enabled=&#8220;off&#8220; button_text_color__hover_enabled=&#8220;off&#8220; button_one_text_color__hover_enabled=&#8220;off&#8220; button_two_text_color__hover_enabled=&#8220;off&#8220; button_border_width__hover_enabled=&#8220;off&#8220; button_one_border_width__hover_enabled=&#8220;off&#8220; button_two_border_width__hover_enabled=&#8220;off&#8220; button_border_color__hover_enabled=&#8220;off&#8220; button_one_border_color__hover_enabled=&#8220;off&#8220; button_two_border_color__hover_enabled=&#8220;off&#8220; button_border_radius__hover_enabled=&#8220;off&#8220; button_one_border_radius__hover_enabled=&#8220;off&#8220; button_two_border_radius__hover_enabled=&#8220;off&#8220; button_letter_spacing__hover_enabled=&#8220;off&#8220; button_one_letter_spacing__hover_enabled=&#8220;off&#8220; button_two_letter_spacing__hover_enabled=&#8220;off&#8220; button_bg_color__hover_enabled=&#8220;off&#8220; button_one_bg_color__hover_enabled=&#8220;off&#8220; button_two_bg_color__hover_enabled=&#8220;off&#8220;][\/et_pb_contact_field][et_pb_contact_field field_id=&#8220;Message&#8220; field_title=&#8220;*Kundendaten, Rechnungsanschrift und weitere Informationen (Pflichtfeld)&#8220; field_type=&#8220;text&#8220; fullwidth_field=&#8220;on&#8220; _builder_version=&#8220;4.27.4&#8243; _module_preset=&#8220;default&#8220; global_colors_info=&#8220;{}&#8220; button_text_size__hover_enabled=&#8220;off&#8220; button_one_text_size__hover_enabled=&#8220;off&#8220; button_two_text_size__hover_enabled=&#8220;off&#8220; button_text_color__hover_enabled=&#8220;off&#8220; button_one_text_color__hover_enabled=&#8220;off&#8220; button_two_text_color__hover_enabled=&#8220;off&#8220; button_border_width__hover_enabled=&#8220;off&#8220; button_one_border_width__hover_enabled=&#8220;off&#8220; button_two_border_width__hover_enabled=&#8220;off&#8220; button_border_color__hover_enabled=&#8220;off&#8220; button_one_border_color__hover_enabled=&#8220;off&#8220; button_two_border_color__hover_enabled=&#8220;off&#8220; button_border_radius__hover_enabled=&#8220;off&#8220; button_one_border_radius__hover_enabled=&#8220;off&#8220; button_two_border_radius__hover_enabled=&#8220;off&#8220; button_letter_spacing__hover_enabled=&#8220;off&#8220; button_one_letter_spacing__hover_enabled=&#8220;off&#8220; button_two_letter_spacing__hover_enabled=&#8220;off&#8220; button_bg_color__hover_enabled=&#8220;off&#8220; button_one_bg_color__hover_enabled=&#8220;off&#8220; button_two_bg_color__hover_enabled=&#8220;off&#8220;][\/et_pb_contact_field][et_pb_contact_field field_id=&#8220;Telefon&#8220; field_title=&#8220;*Telefon (Pflichtfeld)&#8220; fullwidth_field=&#8220;on&#8220; _builder_version=&#8220;4.27.0&#8243; _module_preset=&#8220;default&#8220; global_colors_info=&#8220;{}&#8220;][\/et_pb_contact_field][\/et_pb_contact_form][et_pb_text _builder_version=&#8220;4.27.0&#8243; _module_preset=&#8220;default&#8220; custom_padding=&#8220;||0px|||&#8220; global_colors_info=&#8220;{}&#8220;]<\/p>\n<p>Weitere Informationen finden Sie in unserer <a href=\"\/datenschutz\">Datenschutzerkl\u00e4rung<\/a>. Die mit * gekennzeichneten Felder sind Pflichtfelder.<\/p>\n<p>[\/et_pb_text][\/et_pb_column][\/et_pb_row][\/et_pb_section]<\/p>\n","protected":false},"excerpt":{"rendered":"<p>3925,81 EUR inkl. 19 % MwSt.(3299,- EUR netto + 626,81 EUR MwSt.)Pr\u00e4senztraining \u201eMobile Forensik mit MOBILedit Forensics\u201c \ud83d\udcc5 Datum: 27. \u2013 29. Oktober 2025 \ud83d\udccd Ort: Frankfurt am Main \ud83d\udc68\u200d\ud83c\udfeb Trainer: Risto Popovski, Peer B\u00f6ttcher, Dr. Luca Cadonici \u23f0 Schulungszeiten: T\u00e4glich 09:00 \u2013 18:30 Uhr Pausenzeiten: \u2022 \u2615 Vormittagspause: 10:30 \u2013 10:45 Uhr \u2022 \ud83c\udf7d\ufe0f [&hellip;]<\/p>\n","protected":false},"author":4,"featured_media":0,"parent":1301,"menu_order":0,"comment_status":"closed","ping_status":"closed","template":"","meta":{"_et_pb_use_builder":"on","_et_pb_old_content":"","_et_gb_content_width":"","footnotes":""},"class_list":["post-1407","page","type-page","status-publish","hentry"],"_links":{"self":[{"href":"https:\/\/seminare.lancologne.de\/en\/wp-json\/wp\/v2\/pages\/1407","targetHints":{"allow":["GET"]}}],"collection":[{"href":"https:\/\/seminare.lancologne.de\/en\/wp-json\/wp\/v2\/pages"}],"about":[{"href":"https:\/\/seminare.lancologne.de\/en\/wp-json\/wp\/v2\/types\/page"}],"author":[{"embeddable":true,"href":"https:\/\/seminare.lancologne.de\/en\/wp-json\/wp\/v2\/users\/4"}],"replies":[{"embeddable":true,"href":"https:\/\/seminare.lancologne.de\/en\/wp-json\/wp\/v2\/comments?post=1407"}],"version-history":[{"count":4,"href":"https:\/\/seminare.lancologne.de\/en\/wp-json\/wp\/v2\/pages\/1407\/revisions"}],"predecessor-version":[{"id":1473,"href":"https:\/\/seminare.lancologne.de\/en\/wp-json\/wp\/v2\/pages\/1407\/revisions\/1473"}],"up":[{"embeddable":true,"href":"https:\/\/seminare.lancologne.de\/en\/wp-json\/wp\/v2\/pages\/1301"}],"wp:attachment":[{"href":"https:\/\/seminare.lancologne.de\/en\/wp-json\/wp\/v2\/media?parent=1407"}],"curies":[{"name":"wp","href":"https:\/\/api.w.org\/{rel}","templated":true}]}}