{"id":1402,"date":"2025-04-09T12:02:03","date_gmt":"2025-04-09T10:02:03","guid":{"rendered":"https:\/\/seminare.lancologne.de\/?page_id=1402"},"modified":"2025-04-09T12:34:16","modified_gmt":"2025-04-09T10:34:16","slug":"it-forensik-mit-detego-global-16-18-06-25","status":"publish","type":"page","link":"https:\/\/seminare.lancologne.de\/en\/seminars\/it-forensics-seminars-for-companies\/it-forensik-mit-detego-global-16-18-06-25\/","title":{"rendered":"IT-Forensik mit Detego Global &#8211; 16.-18.06.25"},"content":{"rendered":"<p>[et_pb_section fb_built=&#8220;1&#8243; admin_label=&#8220;Hero&#8220; _builder_version=&#8220;4.27.4&#8243; _module_preset=&#8220;_module_preset=&#8220; background_color_gradient_direction=&#8220;-90deg&#8220; background_image=&#8220;https:\/\/seminare.lancologne.de\/wp-content\/uploads\/2024\/09\/Installing_Software_On_Phone_original_796175.jpg&#8220; custom_padding=&#8220;8vw||8vw||true|false&#8220; locked=&#8220;off&#8220; collapsed=&#8220;off&#8220; global_colors_info=&#8220;{}&#8220;][et_pb_row column_structure=&#8220;2_3,1_3&#8243; _builder_version=&#8220;4.27.2&#8243; _module_preset=&#8220;5138c454-be54-4233-bd3b-f8e6a8747976&#8243; use_background_color_gradient=&#8220;on&#8220; background_color_gradient_direction=&#8220;90deg&#8220; background_color_gradient_stops=&#8220;rgba(0,0,0,0.4) 0%|rgba(0,0,0,0.3) 60%|rgba(0,0,0,0) 100%&#8220; background_color_gradient_overlays_image=&#8220;on&#8220; custom_margin=&#8220;||||false|false&#8220; custom_padding=&#8220;|||30px|false|false&#8220; background_last_edited=&#8220;on|desktop&#8220; use_background_color_gradient_tablet=&#8220;on&#8220; background_color_gradient_stops_tablet=&#8220;rgba(0,0,0,0.4) 0%|rgba(0,0,0,0.3) 95%|rgba(0,0,0,0) 100%&#8220; locked=&#8220;off&#8220; global_colors_info=&#8220;{}&#8220;][et_pb_column type=&#8220;2_3&#8243; _builder_version=&#8220;4.16&#8243; _module_preset=&#8220;73121f80-a3ef-4484-8763-c3f18e3c56d2&#8243; global_colors_info=&#8220;{}&#8220;][et_pb_heading title=&#8220;IT-Forensik mit Detego Global &#8211; 16.-18.06.25&#8243; _builder_version=&#8220;4.27.4&#8243; _module_preset=&#8220;ddeb8c09-9078-4424-bc15-2efb6572e28e&#8220; title_text_color=&#8220;#FFFFFF&#8220; custom_margin=&#8220;||22px|||&#8220; custom_padding=&#8220;||10px|||&#8220; hover_enabled=&#8220;0&#8243; locked=&#8220;off&#8220; global_colors_info=&#8220;{}&#8220; sticky_enabled=&#8220;0&#8243;][\/et_pb_heading][\/et_pb_column][et_pb_column type=&#8220;1_3&#8243; _builder_version=&#8220;4.16&#8243; _module_preset=&#8220;73121f80-a3ef-4484-8763-c3f18e3c56d2&#8243; global_colors_info=&#8220;{}&#8220;][\/et_pb_column][\/et_pb_row][\/et_pb_section][et_pb_section fb_built=&#8220;1&#8243; _builder_version=&#8220;4.27.0&#8243; _module_preset=&#8220;default&#8220; custom_padding=&#8220;54px|||||&#8220; global_colors_info=&#8220;{}&#8220;][et_pb_row _builder_version=&#8220;4.27.2&#8243; _module_preset=&#8220;default&#8220; custom_padding=&#8220;||||false|false&#8220; global_colors_info=&#8220;{}&#8220;][et_pb_column type=&#8220;4_4&#8243; _builder_version=&#8220;4.27.0&#8243; _module_preset=&#8220;default&#8220; global_colors_info=&#8220;{}&#8220;][et_pb_blurb title=&#8220;Kosten f\u00fcr das Seminar pro Teilnehmer, Schulung findet in Deutsch und Englisch statt.&#8220; _builder_version=&#8220;4.27.4&#8243; _module_preset=&#8220;default&#8220; header_level=&#8220;h2&#8243; text_orientation=&#8220;center&#8220; custom_margin=&#8220;||50px||false|false&#8220; custom_padding=&#8220;||||false|false&#8220; global_colors_info=&#8220;{}&#8220;]<\/p>\n<p><strong>3925,81 EUR inkl. 19 % MwSt.<\/strong><br \/><strong>(<span>3299,-<\/span> EUR netto + 626,81 EUR MwSt.)<\/strong><\/p>\n<p>[\/et_pb_blurb][\/et_pb_column][\/et_pb_row][et_pb_row _builder_version=&#8220;4.27.0&#8243; _module_preset=&#8220;default&#8220; global_colors_info=&#8220;{}&#8220;][et_pb_column type=&#8220;4_4&#8243; _builder_version=&#8220;4.27.0&#8243; _module_preset=&#8220;default&#8220; global_colors_info=&#8220;{}&#8220;][et_pb_text _builder_version=&#8220;4.27.4&#8243; _module_preset=&#8220;default&#8220; custom_margin=&#8220;-26px||||false|false&#8220; custom_padding=&#8220;4px|||||&#8220; global_colors_info=&#8220;{}&#8220;]<\/p>\n<p><b>Datum:<\/b> 16. \u2013 18. Juni 2025<\/p>\n<p><b>Ort:<\/b> Frankfurt am Main<\/p>\n<p><b>Trainer:<\/b> Risto Popovski, Peer B\u00f6ttcher<\/p>\n<p><b>Schulungszeiten:<\/b> 09:00 \u2013 18:30 Uhr<\/p>\n<p><b>Pausenzeiten:<\/b><b><\/b><\/p>\n<p>\u2022 <b>Vormittagspause:<\/b> 10:30 \u2013 10:45 Uhr<\/p>\n<p>\u2022 <b>Mittagspause:<\/b> 13:30 \u2013 14:30 Uhr<\/p>\n<p>\u2022 <b>Nachmittagspause:<\/b> 15:30 \u2013 15:45 Uhr<\/p>\n<p>&nbsp;<\/p>\n<p>\ud83d\udd39<b> Zielgruppe:<\/b> IT-Forensiker, Strafverfolgungsbeh\u00f6rden, IT-Sicherheitsberater<\/p>\n<p>\ud83d\udd39<b> Vorkenntnisse:<\/b> Grundkenntnisse in IT-Forensik von Vorteil, aber nicht zwingend erforderlich<\/p>\n<p>\ud83d\udd39<b> Zertifikat:<\/b> Teilnahmezertifikat mit detaillierter Themen\u00fcbersicht<\/p>\n<p>Alle Teilnehmer erhalten eine kostenfreie vollumf\u00e4ngliche Lizenz Gratis f\u00fcr 30 Tage, um auch nach dem Seminar die jeweilig erlernten Kenntnisse und F\u00e4higkeiten zu vertiefen<\/p>\n<p>[\/et_pb_text][\/et_pb_column][\/et_pb_row][et_pb_row _builder_version=&#8220;4.27.0&#8243; _module_preset=&#8220;default&#8220; global_colors_info=&#8220;{}&#8220;][et_pb_column type=&#8220;4_4&#8243; _builder_version=&#8220;4.27.0&#8243; _module_preset=&#8220;default&#8220; global_colors_info=&#8220;{}&#8220;][et_pb_tabs disabled_on=&#8220;off|off|off&#8220; _builder_version=&#8220;4.27.4&#8243; _module_preset=&#8220;default&#8220; global_colors_info=&#8220;{%22gcid-36fd78a7-34bc-404d-873c-dafa34efaae5%22:%91%22icon_color%22,%22icon_color%22,%22icon_color%22,%22icon_color%22,%22icon_color%22,%22icon_color%22,%22icon_color%22,%22icon_color%22,%22icon_color%22,%22icon_color%22,%22icon_color%22%93,%22gcid-828accbb-1ed2-407d-95be-20ab4e191566%22:%91%22border_color_all%22,%22border_color_all%22,%22border_color_all%22,%22border_color_all%22,%22border_color_all%22,%22border_color_all%22,%22border_color_all%22,%22border_color_all%22,%22border_color_all%22,%22border_color_all%22,%22border_color_all%22%93,%22gcid-body-color%22:%91%22body_text_color%22,%22body_text_color%22,%22body_text_color%22,%22body_text_color%22,%22body_text_color%22,%22body_text_color%22,%22body_text_color%22,%22body_text_color%22,%22body_text_color%22,%22body_text_color%22,%22body_text_color%22%93,%22gcid-primary-color%22:%91%22body_link_text_color%22,%22active_tab_text_color%22,%22body_link_text_color%22,%22active_tab_text_color%22,%22body_link_text_color%22,%22active_tab_text_color%22,%22body_link_text_color%22,%22active_tab_text_color%22,%22body_link_text_color%22,%22active_tab_text_color%22,%22body_link_text_color%22,%22active_tab_text_color%22,%22body_link_text_color%22,%22active_tab_text_color%22,%22body_link_text_color%22,%22active_tab_text_color%22,%22body_link_text_color%22,%22active_tab_text_color%22,%22body_link_text_color%22,%22active_tab_text_color%22,%22body_link_text_color%22,%22active_tab_text_color%22%93,%22gcid-heading-color%22:%91%22tab_text_color%22,%22tab_text_color%22,%22tab_text_color%22,%22tab_text_color%22,%22tab_text_color%22,%22tab_text_color%22,%22tab_text_color%22,%22tab_text_color%22,%22tab_text_color%22,%22tab_text_color%22,%22tab_text_color%22%93}&#8220;][et_pb_tab title=&#8220;Tag 1 \u2013 16. Juni 2025&#8243; _builder_version=&#8220;4.27.4&#8243; _module_preset=&#8220;default&#8220; global_colors_info=&#8220;{}&#8220;]<\/p>\n<p><b>Einf\u00fchrung in die IT-Forensik &amp; Detego Global Produkte<\/b><b><\/b><\/p>\n<p><b>09:00 \u2013 09:30 | Begr\u00fc\u00dfung &amp; Vorstellung<\/b><b><\/b><\/p>\n<p>\u2022 Einf\u00fchrung durch den Trainer und Vorstellung der Teilnehmer<\/p>\n<p>\u2022 Erwartungsabfrage: Ziele und Vorkenntnisse der Teilnehmer<\/p>\n<p>\u2022 \u00dcberblick \u00fcber den Ablauf der Schulung und Methodik<\/p>\n<p><b>09:30 \u2013 10:30 | Grundlagen der IT-Forensik<\/b><b><\/b><\/p>\n<p>\u2022 Definition und Bedeutung der IT-Forensik<\/p>\n<p>\u2022 Der forensische Prozess: Identifikation, Sicherung, Analyse, Dokumentation<\/p>\n<p>\u2022 Rechtliche Rahmenbedingungen und ethische \u00dcberlegungen<\/p>\n<p><b>10:30 \u2013 10:45 | <\/b>\u2615<b> Vormittagspause<\/b><b><\/b><\/p>\n<p><b>10:45 \u2013 11:45 | \u00dcberblick \u00fcber Detego Global und seine Produktpalette<\/b><b><\/b><\/p>\n<p>\u2022 Vorstellung von Detego Global und deren L\u00f6sungen f\u00fcr digitale Forensik<\/p>\n<p>\u2022 \u00dcberblick \u00fcber die Hauptprodukte: Detego\u00ae Ballistic Imager, Field Triage, Analyse, Fusion<\/p>\n<p><b>11:45 \u2013 13:30 | Installation und Einrichtung der Detego Software<\/b><b><\/b><\/p>\n<p>\u2022 Systemanforderungen und Installationsprozess<\/p>\n<p>\u2022 Lizenzierung und Aktivierung<\/p>\n<p>\u2022 Erste Schritte: Anlegen eines Falls und Navigation in der Benutzeroberfl\u00e4che<\/p>\n<p><b>13:30 \u2013 14:30 | <\/b>\ud83c\udf7d\ufe0f<b> Mittagspause<\/b><b><\/b><\/p>\n<p><b>14:30 \u2013 15:30 | Datenakquisition mit Detego\u00ae Ballistic Imager<\/b><b><\/b><\/p>\n<p>\u2022 Einf\u00fchrung in den Ballistic Imager: Funktionen und Einsatzm\u00f6glichkeiten<\/p>\n<p>\u2022 Durchf\u00fchrung einer schnellen forensischen Datensicherung von Windows- und macOS-Systemen<\/p>\n<p><b>15:30 \u2013 15:45 | <\/b>\u2615<b> Nachmittagspause<\/b><b><\/b><\/p>\n<p><b>15:45 \u2013 18:30 | Praxis\u00fcbung: Erste Datensicherung und Fallanlage<\/b><b><\/b><\/p>\n<p>\u2022 Anlegen eines neuen Falls in der Detego Plattform<\/p>\n<p>\u2022 Durchf\u00fchrung einer vollst\u00e4ndigen Datensicherung mit dem Ballistic Imager<\/p>\n<p>\u2022 Diskussion von Best Practices und h\u00e4ufigen Herausforderungen<\/p>\n<p>[\/et_pb_tab][et_pb_tab title=&#8220;Tag 2 \u2013 17. Juni 2025&#8243; _builder_version=&#8220;4.27.4&#8243; _module_preset=&#8220;default&#8220; global_colors_info=&#8220;{}&#8220;]<\/p>\n<p><b>Vertiefung der Analysefunktionen &amp; erweiterte Techniken<\/b><b><\/b><\/p>\n<p><b>09:00 \u2013 10:30 | Untersuchung von Kommunikationsdaten<\/b><b><\/b><\/p>\n<p>\u2022 Analyse von E-Mails, Chat-Verl\u00e4ufen und sozialen Netzwerken<\/p>\n<p>\u2022 Wiederherstellung gel\u00f6schter Nachrichten und Anh\u00e4nge<\/p>\n<p>\u2022 Identifikation von relevanten Kommunikationsmustern<\/p>\n<p><b>10:30 \u2013 10:45 | <\/b>\u2615<b> Vormittagspause<\/b><b><\/b><\/p>\n<p><b>10:45 \u2013 11:45 | Dateisystemanalyse und Wiederherstellungstechniken<\/b><b><\/b><\/p>\n<p>\u2022 Untersuchung von Dateisystemen wie NTFS, FAT und HFS+<\/p>\n<p>\u2022 Wiederherstellung gel\u00f6schter und besch\u00e4digter Dateien<\/p>\n<p>\u2022 Einsatz von Carving-Techniken zur Datenextraktion<\/p>\n<p><b>11:45 \u2013 13:30 | Arbeit mit Speicherabbildern und RAM-Analyse<\/b><b><\/b><\/p>\n<p>\u2022 Erstellung und Untersuchung von Speicherabbildern<\/p>\n<p>\u2022 Identifikation von fl\u00fcchtigen Daten und potenzieller Malware<\/p>\n<p>\u2022 Nutzung von Detego f\u00fcr die Speicheranalyse<\/p>\n<p><b>13:30 \u2013 14:30 | <\/b>\ud83c\udf7d\ufe0f<b> Mittagspause<\/b><b><\/b><\/p>\n<p><b>14:30 \u2013 15:30 | Automatisierung und Skripting mit Detego Analyse<\/b><b><\/b><\/p>\n<p>\u2022 Nutzung von Skripten zur Automatisierung wiederkehrender Aufgaben<\/p>\n<p>\u2022 Erstellung benutzerdefinierter Workflows und Plugins<\/p>\n<p>\u2022 Integration von Detego in bestehende forensische Prozesse<\/p>\n<p><b>15:30 \u2013 15:45 | <\/b>\u2615<b> Nachmittagspause<\/b><b><\/b><\/p>\n<p><b>15:45 \u2013 18:30 | Praxis\u00fcbung: Durchf\u00fchrung einer vollst\u00e4ndigen forensischen Analyse<\/b><b><\/b><\/p>\n<p>\u2022 Anwendung der erlernten Techniken auf einen bereitgestellten Datensatz<\/p>\n<p>\u2022 Erstellung eines forensischen Berichts basierend auf den Analyseergebnissen<\/p>\n<p>\u2022 Gruppendiskussion und Feedback zu den Ergebnissen<\/p>\n<p>[\/et_pb_tab][et_pb_tab title=&#8220;Tag 3 \u2013 18. Juni 2025&#8243; _builder_version=&#8220;4.27.4&#8243; _module_preset=&#8220;default&#8220; global_colors_info=&#8220;{}&#8220;]<\/p>\n<p><b>Spezialthemen, Best Practices &amp; Abschlusspr\u00fcfung<\/b><b><\/b><\/p>\n<p><b>09:00 \u2013 10:30 | Cloud-Forensik mit Detego Fusion<\/b><b><\/b><\/p>\n<p>\u2022 Extraktion und Analyse von Daten aus Cloud-Diensten<\/p>\n<p>\u2022 Herausforderungen und rechtliche Aspekte der Cloud-Forensik<\/p>\n<p>\u2022 Integration von Cloud-Daten in bestehende Ermittlungen<\/p>\n<p><b>10:30 \u2013 10:45 | <\/b>\u2615<b> Vormittagspause<\/b><b><\/b><\/p>\n<p><b>10:45 \u2013 11:45 | Erstellung gerichtsverwertbarer Berichte<\/b><b><\/b><\/p>\n<p>\u2022 Anforderungen an forensische Berichte f\u00fcr den Einsatz vor Gericht<\/p>\n<p>\u2022 Nutzung von Detego zur Erstellung detaillierter und nachvollziehbarer Berichte<\/p>\n<p>\u2022 Best Practices f\u00fcr die Dokumentation und Pr\u00e4sentation von Beweismitteln<\/p>\n<p><b>11:45 \u2013 13:30 | Fallstudien und praktische Anwendungsbeispiele<\/b><b><\/b><\/p>\n<p>\u2022 Analyse realer Fallstudien aus der Praxis<\/p>\n<p>\u2022 Diskussion von Herausforderungen und L\u00f6sungsans\u00e4tzen<\/p>\n<p>\u2022 Anwendung der erlernten Techniken auf komplexe Szenarien<\/p>\n<p><b>13:30 \u2013 14:30 | <\/b>\ud83c\udf7d\ufe0f<b> Mittagspause<\/b><b><\/b><\/p>\n<p><b>14:30 \u2013 15:30 | Vorbereitung auf die Abschlusspr\u00fcfung<\/b><b><\/b><\/p>\n<p>\u2022 Wiederholung der wichtigsten Schulungsinhalte<\/p>\n<p>\u2022 Beantwortung offener Fragen der Teilnehmer<\/p>\n<p>\u2022 Tipps und Strategien f\u00fcr die Pr\u00fcfung<\/p>\n<p><b>15:30 \u2013 15:45 | <\/b>\u2615<b> Nachmittagspause<\/b><b><\/b><\/p>\n<p><b>15:45 \u2013 17:00 | Abschlusspr\u00fcfung<\/b><b><\/b><\/p>\n<p>\u2022 <b>Dauer:<\/b> 75 Minuten<\/p>\n<p>\u2022 <b>Inhalt:<\/b> Theorie- und Praxisfragen zur IT-Forensik und den Detego Produkten<\/p>\n<p>\u2022 <b>Ziel:<\/b> Nachweis fundierter Kenntnisse und praktischer F\u00e4higkeiten<\/p>\n<p><b>17:00 \u2013 18:30 | Abschlussbesprechung und Zertifikats\u00fcbergabe<\/b><b><\/b><\/p>\n<p>\u2022 Diskussion der Pr\u00fcfungsergebnisse<\/p>\n<p>\u2022 Zusammenfassung der Schulungsinhalte<\/p>\n<p>\u2022 <b>Zertifikatsvergabe:<\/b> Erfolgreiche Teilnehmer erhalten ein offizielles Zertifikat von Detego Global<\/p>\n<p>[\/et_pb_tab][\/et_pb_tabs][\/et_pb_column][\/et_pb_row][et_pb_row _builder_version=&#8220;4.24.3&#8243; _module_preset=&#8220;c9cfaba2-2263-4f35-8227-8d16ca8bd1cc&#8220; custom_padding=&#8220;60px|60px|60px|60px|false|true&#8220; border_radii_tablet=&#8220;on|30px|30px|30px|30px&#8220; border_radii_phone=&#8220;on|20px|20px|20px|20px&#8220; border_radii_last_edited=&#8220;off|desktop&#8220; global_colors_info=&#8220;{}&#8220;][et_pb_column type=&#8220;4_4&#8243; _builder_version=&#8220;4.16&#8243; _module_preset=&#8220;73121f80-a3ef-4484-8763-c3f18e3c56d2&#8243; global_colors_info=&#8220;{}&#8220;][et_pb_heading title=&#8220;Teilnahme am Seminar kostenpflichtig buchen.&#8220; _builder_version=&#8220;4.24.3&#8243; _module_preset=&#8220;c33f07d9-41e0-421a-8799-5799df695cce&#8220; title_text_align=&#8220;center&#8220; locked=&#8220;off&#8220; global_colors_info=&#8220;{}&#8220;][\/et_pb_heading][et_pb_text _builder_version=&#8220;4.27.0&#8243; _module_preset=&#8220;2c55a9c4-feed-423b-9edb-ae0b5b365cac&#8220; text_orientation=&#8220;center&#8220; module_alignment=&#8220;center&#8220; locked=&#8220;off&#8220; global_colors_info=&#8220;{}&#8220;]<\/p>\n<p>Nutzen Sie unser Formular, um eine Buchung f\u00fcr ein Seminar abzusenden.\u00a0<br \/><span>Es gelten unsere<\/span>\u00a0<a href=\"\/agb\">AGB<\/a> sowie das <a href=\"\/widerrufsrecht\">Widerrufsrecht<\/a> f\u00fcr Verbraucher.<\/p>\n<p>[\/et_pb_text][et_pb_contact_form email=&#8220;seminare@lancologne.de&#8220; title=&#8220;Buchungsformular f\u00fcr Seminar&#8220; custom_message=&#8220;Neue Buchung f\u00fcr Seminare IT-Forensik mit Belkasoft Evidence Center X||et_pb_line_break_holder||||et_pb_line_break_holder||||et_pb_line_break_holder||Name: %%Name%%||et_pb_line_break_holder||||et_pb_line_break_holder||E-Mail: %%E-Mail%%||et_pb_line_break_holder||||et_pb_line_break_holder||Nachricht: %%Message%%||et_pb_line_break_holder||||et_pb_line_break_holder||Telefon: %%Telefon%%&#8220; success_message=&#8220;Vielen Dank f\u00fcr Ihre Nachricht. Wir werden uns so schnell wie m\u00f6glich bei Ihnen melden, um Ihre Buchung zu besprechen.&#8220; submit_button_text=&#8220;Jetzt kostenpflichtig buchen&#8220; _builder_version=&#8220;4.27.4&#8243; _module_preset=&#8220;347de7c5-8eec-4fb2-89ad-e07c220a4ead&#8220; _unique_id=&#8220;ceddc97d-3019-4508-a1f2-667b6f23809b&#8220; title_level=&#8220;h2&#8243; locked=&#8220;off&#8220; global_colors_info=&#8220;{}&#8220;][et_pb_contact_field field_id=&#8220;Name&#8220; field_title=&#8220;*Name (Pflichtfeld)&#8220; _builder_version=&#8220;4.27.0&#8243; _module_preset=&#8220;default&#8220; global_colors_info=&#8220;{}&#8220; button_text_size__hover_enabled=&#8220;off&#8220; button_one_text_size__hover_enabled=&#8220;off&#8220; button_two_text_size__hover_enabled=&#8220;off&#8220; button_text_color__hover_enabled=&#8220;off&#8220; button_one_text_color__hover_enabled=&#8220;off&#8220; button_two_text_color__hover_enabled=&#8220;off&#8220; button_border_width__hover_enabled=&#8220;off&#8220; button_one_border_width__hover_enabled=&#8220;off&#8220; button_two_border_width__hover_enabled=&#8220;off&#8220; button_border_color__hover_enabled=&#8220;off&#8220; button_one_border_color__hover_enabled=&#8220;off&#8220; button_two_border_color__hover_enabled=&#8220;off&#8220; button_border_radius__hover_enabled=&#8220;off&#8220; button_one_border_radius__hover_enabled=&#8220;off&#8220; button_two_border_radius__hover_enabled=&#8220;off&#8220; button_letter_spacing__hover_enabled=&#8220;off&#8220; button_one_letter_spacing__hover_enabled=&#8220;off&#8220; button_two_letter_spacing__hover_enabled=&#8220;off&#8220; button_bg_color__hover_enabled=&#8220;off&#8220; button_one_bg_color__hover_enabled=&#8220;off&#8220; button_two_bg_color__hover_enabled=&#8220;off&#8220;][\/et_pb_contact_field][et_pb_contact_field field_id=&#8220;E-Mail&#8220; field_title=&#8220;*E-Mail Adresse  (Pflichtfeld)&#8220; field_type=&#8220;email&#8220; _builder_version=&#8220;4.27.4&#8243; _module_preset=&#8220;default&#8220; global_colors_info=&#8220;{}&#8220; button_text_size__hover_enabled=&#8220;off&#8220; button_one_text_size__hover_enabled=&#8220;off&#8220; button_two_text_size__hover_enabled=&#8220;off&#8220; button_text_color__hover_enabled=&#8220;off&#8220; button_one_text_color__hover_enabled=&#8220;off&#8220; button_two_text_color__hover_enabled=&#8220;off&#8220; button_border_width__hover_enabled=&#8220;off&#8220; button_one_border_width__hover_enabled=&#8220;off&#8220; button_two_border_width__hover_enabled=&#8220;off&#8220; button_border_color__hover_enabled=&#8220;off&#8220; button_one_border_color__hover_enabled=&#8220;off&#8220; button_two_border_color__hover_enabled=&#8220;off&#8220; button_border_radius__hover_enabled=&#8220;off&#8220; button_one_border_radius__hover_enabled=&#8220;off&#8220; button_two_border_radius__hover_enabled=&#8220;off&#8220; button_letter_spacing__hover_enabled=&#8220;off&#8220; button_one_letter_spacing__hover_enabled=&#8220;off&#8220; button_two_letter_spacing__hover_enabled=&#8220;off&#8220; button_bg_color__hover_enabled=&#8220;off&#8220; button_one_bg_color__hover_enabled=&#8220;off&#8220; button_two_bg_color__hover_enabled=&#8220;off&#8220;][\/et_pb_contact_field][et_pb_contact_field field_id=&#8220;Message&#8220; field_title=&#8220;*Kundendaten, Rechnungsanschrift und weitere Informationen (Pflichtfeld)&#8220; field_type=&#8220;text&#8220; fullwidth_field=&#8220;on&#8220; _builder_version=&#8220;4.27.4&#8243; _module_preset=&#8220;default&#8220; global_colors_info=&#8220;{}&#8220; button_text_size__hover_enabled=&#8220;off&#8220; button_one_text_size__hover_enabled=&#8220;off&#8220; button_two_text_size__hover_enabled=&#8220;off&#8220; button_text_color__hover_enabled=&#8220;off&#8220; button_one_text_color__hover_enabled=&#8220;off&#8220; button_two_text_color__hover_enabled=&#8220;off&#8220; button_border_width__hover_enabled=&#8220;off&#8220; button_one_border_width__hover_enabled=&#8220;off&#8220; button_two_border_width__hover_enabled=&#8220;off&#8220; button_border_color__hover_enabled=&#8220;off&#8220; button_one_border_color__hover_enabled=&#8220;off&#8220; button_two_border_color__hover_enabled=&#8220;off&#8220; button_border_radius__hover_enabled=&#8220;off&#8220; button_one_border_radius__hover_enabled=&#8220;off&#8220; button_two_border_radius__hover_enabled=&#8220;off&#8220; button_letter_spacing__hover_enabled=&#8220;off&#8220; button_one_letter_spacing__hover_enabled=&#8220;off&#8220; button_two_letter_spacing__hover_enabled=&#8220;off&#8220; button_bg_color__hover_enabled=&#8220;off&#8220; button_one_bg_color__hover_enabled=&#8220;off&#8220; button_two_bg_color__hover_enabled=&#8220;off&#8220;][\/et_pb_contact_field][et_pb_contact_field field_id=&#8220;Telefon&#8220; field_title=&#8220;*Telefon (Pflichtfeld)&#8220; fullwidth_field=&#8220;on&#8220; _builder_version=&#8220;4.27.0&#8243; _module_preset=&#8220;default&#8220; global_colors_info=&#8220;{}&#8220;][\/et_pb_contact_field][\/et_pb_contact_form][et_pb_text _builder_version=&#8220;4.27.0&#8243; _module_preset=&#8220;default&#8220; custom_padding=&#8220;||0px|||&#8220; global_colors_info=&#8220;{}&#8220;]<\/p>\n<p>Weitere Informationen finden Sie in unserer <a href=\"\/datenschutz\">Datenschutzerkl\u00e4rung<\/a>. Die mit * gekennzeichneten Felder sind Pflichtfelder.<\/p>\n<p>[\/et_pb_text][\/et_pb_column][\/et_pb_row][\/et_pb_section]<\/p>\n","protected":false},"excerpt":{"rendered":"<p>3925,81 EUR inkl. 19 % MwSt.(3299,- EUR netto + 626,81 EUR MwSt.)Datum: 16. \u2013 18. Juni 2025 Ort: Frankfurt am Main Trainer: Risto Popovski, Peer B\u00f6ttcher Schulungszeiten: 09:00 \u2013 18:30 Uhr Pausenzeiten: \u2022 Vormittagspause: 10:30 \u2013 10:45 Uhr \u2022 Mittagspause: 13:30 \u2013 14:30 Uhr \u2022 Nachmittagspause: 15:30 \u2013 15:45 Uhr &nbsp; \ud83d\udd39 Zielgruppe: IT-Forensiker, Strafverfolgungsbeh\u00f6rden, [&hellip;]<\/p>\n","protected":false},"author":4,"featured_media":0,"parent":599,"menu_order":0,"comment_status":"closed","ping_status":"closed","template":"","meta":{"_et_pb_use_builder":"on","_et_pb_old_content":"","_et_gb_content_width":"","footnotes":""},"class_list":["post-1402","page","type-page","status-publish","hentry"],"_links":{"self":[{"href":"https:\/\/seminare.lancologne.de\/en\/wp-json\/wp\/v2\/pages\/1402","targetHints":{"allow":["GET"]}}],"collection":[{"href":"https:\/\/seminare.lancologne.de\/en\/wp-json\/wp\/v2\/pages"}],"about":[{"href":"https:\/\/seminare.lancologne.de\/en\/wp-json\/wp\/v2\/types\/page"}],"author":[{"embeddable":true,"href":"https:\/\/seminare.lancologne.de\/en\/wp-json\/wp\/v2\/users\/4"}],"replies":[{"embeddable":true,"href":"https:\/\/seminare.lancologne.de\/en\/wp-json\/wp\/v2\/comments?post=1402"}],"version-history":[{"count":5,"href":"https:\/\/seminare.lancologne.de\/en\/wp-json\/wp\/v2\/pages\/1402\/revisions"}],"predecessor-version":[{"id":1469,"href":"https:\/\/seminare.lancologne.de\/en\/wp-json\/wp\/v2\/pages\/1402\/revisions\/1469"}],"up":[{"embeddable":true,"href":"https:\/\/seminare.lancologne.de\/en\/wp-json\/wp\/v2\/pages\/599"}],"wp:attachment":[{"href":"https:\/\/seminare.lancologne.de\/en\/wp-json\/wp\/v2\/media?parent=1402"}],"curies":[{"name":"wp","href":"https:\/\/api.w.org\/{rel}","templated":true}]}}