{"id":1301,"date":"2024-10-18T14:58:30","date_gmt":"2024-10-18T12:58:30","guid":{"rendered":"https:\/\/seminare.lancologne.de\/?page_id=1301"},"modified":"2025-04-09T12:59:19","modified_gmt":"2025-04-09T10:59:19","slug":"mobile-forensics","status":"publish","type":"page","link":"https:\/\/seminare.lancologne.de\/en\/seminars\/mobile-forensics\/","title":{"rendered":"Mobile forensics"},"content":{"rendered":"<p>[et_pb_section fb_built=&#8220;1&#8243; admin_label=&#8220;Hero&#8220; _builder_version=&#8220;4.27.2&#8243; _module_preset=&#8220;_module_preset=&#8220; background_color_gradient_direction=&#8220;-90deg&#8220; background_image=&#8220;https:\/\/seminare.lancologne.de\/wp-content\/uploads\/2024\/10\/Gifted_Programmer_Focused_On_Work_original_537204.jpg&#8220; custom_padding=&#8220;8vw||8vw||true|false&#8220; locked=&#8220;off&#8220; collapsed=&#8220;on&#8220; global_colors_info=&#8220;{}&#8220;][et_pb_row column_structure=&#8220;2_3,1_3&#8243; _builder_version=&#8220;4.27.2&#8243; _module_preset=&#8220;5138c454-be54-4233-bd3b-f8e6a8747976&#8243; use_background_color_gradient=&#8220;on&#8220; background_color_gradient_direction=&#8220;90deg&#8220; background_color_gradient_stops=&#8220;rgba(0,0,0,0.4) 0%|rgba(0,0,0,0.3) 60%|rgba(0,0,0,0) 100%&#8220; background_color_gradient_overlays_image=&#8220;on&#8220; custom_margin=&#8220;||||false|false&#8220; custom_padding=&#8220;|||30px|false|false&#8220; background_last_edited=&#8220;on|desktop&#8220; use_background_color_gradient_tablet=&#8220;on&#8220; background_color_gradient_stops_tablet=&#8220;rgba(0,0,0,0.4) 0%|rgba(0,0,0,0.3) 95%|rgba(0,0,0,0) 100%&#8220; locked=&#8220;off&#8220; global_colors_info=&#8220;{}&#8220;][et_pb_column type=&#8220;2_3&#8243; _builder_version=&#8220;4.16&#8243; _module_preset=&#8220;73121f80-a3ef-4484-8763-c3f18e3c56d2&#8243; global_colors_info=&#8220;{}&#8220;][et_pb_heading title=&#8220;Seminar: Mobile-Forensik&#8220; _builder_version=&#8220;4.27.2&#8243; _module_preset=&#8220;ddeb8c09-9078-4424-bc15-2efb6572e28e&#8220; title_text_color=&#8220;#FFFFFF&#8220; custom_margin=&#8220;||22px|||&#8220; custom_padding=&#8220;||10px|||&#8220; locked=&#8220;off&#8220; global_colors_info=&#8220;{}&#8220;][\/et_pb_heading][\/et_pb_column][et_pb_column type=&#8220;1_3&#8243; _builder_version=&#8220;4.16&#8243; _module_preset=&#8220;73121f80-a3ef-4484-8763-c3f18e3c56d2&#8243; global_colors_info=&#8220;{}&#8220;][\/et_pb_column][\/et_pb_row][\/et_pb_section][et_pb_section fb_built=&#8220;1&#8243; admin_label=&#8220;Events&#8220; _builder_version=&#8220;4.24.3&#8243; _module_preset=&#8220;_initial&#8220; locked=&#8220;off&#8220; collapsed=&#8220;off&#8220; global_colors_info=&#8220;{%22gcid-36fd78a7-34bc-404d-873c-dafa34efaae5%22:%91%22colorStart%22%93}&#8220;][et_pb_row _builder_version=&#8220;4.18.0&#8243; _module_preset=&#8220;5138c454-be54-4233-bd3b-f8e6a8747976&#8243; collapsed=&#8220;off&#8220; global_colors_info=&#8220;{}&#8220;][et_pb_column type=&#8220;4_4&#8243; _builder_version=&#8220;4.16&#8243; _module_preset=&#8220;73121f80-a3ef-4484-8763-c3f18e3c56d2&#8243; global_colors_info=&#8220;{}&#8220;][et_pb_heading title=&#8220;Kommende Seminare&#8220; _builder_version=&#8220;4.27.0&#8243; _module_preset=&#8220;c33f07d9-41e0-421a-8799-5799df695cce&#8220; title_text_align=&#8220;center&#8220; locked=&#8220;off&#8220; global_colors_info=&#8220;{}&#8220;][\/et_pb_heading][\/et_pb_column][\/et_pb_row][et_pb_row column_structure=&#8220;2_3,1_3&#8243; disabled_on=&#8220;off|off|off&#8220; _builder_version=&#8220;4.27.4&#8243; _module_preset=&#8220;5138c454-be54-4233-bd3b-f8e6a8747976&#8243; border_width_bottom=&#8220;2px&#8220; border_color_bottom=&#8220;rgba(0,0,0,0.06)&#8220; locked=&#8220;off&#8220; collapsed=&#8220;off&#8220; global_colors_info=&#8220;{}&#8220;][et_pb_column type=&#8220;2_3&#8243; _builder_version=&#8220;4.24.3&#8243; _module_preset=&#8220;default&#8220; global_colors_info=&#8220;{%22gcid-7cadd8b3-5228-48e4-90c4-212d09232f7b%22:%91%22color%22%93}&#8220;][et_pb_blurb title=&#8220;Pr\u00e4senztraining \u201eMobile Forensik mit MOBILedit Forensics\u201c&#8220; image=&#8220;https:\/\/seminare.lancologne.de\/wp-content\/uploads\/2024\/09\/0-054c2523-08d3-41f8-be84-874aeead8e06-800&#215;600.jpg&#8220; image_icon_width=&#8220;240px&#8220; icon_placement_tablet=&#8220;&#8220; icon_placement_phone=&#8220;top&#8220; icon_placement_last_edited=&#8220;on|tablet&#8220; image_icon_width_tablet=&#8220;30vw&#8220; image_icon_width_phone=&#8220;100%&#8220; image_icon_width_last_edited=&#8220;on|desktop&#8220; _builder_version=&#8220;4.27.4&#8243; _module_preset=&#8220;65059203-12d3-44f6-8371-3f5cf61a0475&#8243; header_font_size=&#8220;32px&#8220; image_icon_custom_margin=&#8220;|20px|||false|false&#8220; hover_enabled=&#8220;0&#8243; header_font_size_tablet=&#8220;22px&#8220; header_font_size_phone=&#8220;17px&#8220; header_font_size_last_edited=&#8220;on|desktop&#8220; locked=&#8220;off&#8220; global_colors_info=&#8220;{%22gcid-heading-color%22:%91%22header_text_color%22,%22header_text_color%22,%22header_text_color%22,%22header_text_color%22,%22header_text_color%22%93,%22gcid-primary-color%22:%91%22icon_color%22%93}&#8220; sticky_enabled=&#8220;0&#8243;]<\/p>\n<p>Erfahren Sie, wie Sie mobile Ger\u00e4te analysieren und wichtige Daten extrahieren k\u00f6nnen mit MOBILedit Forensics.<\/p>\n<p>[\/et_pb_blurb][\/et_pb_column][et_pb_column type=&#8220;1_3&#8243; _builder_version=&#8220;4.24.3&#8243; _module_preset=&#8220;default&#8220; background_color=&#8220;#ffffff&#8220; custom_padding_phone=&#8220;20px|20px|20px|20px|true|true&#8220; custom_padding_last_edited=&#8220;off|desktop&#8220; global_colors_info=&#8220;{%22gcid-7cadd8b3-5228-48e4-90c4-212d09232f7b%22:%91%22color%22%93}&#8220;][et_pb_text module_class=&#8220;ai_ignore_all&#8220; _builder_version=&#8220;4.27.4&#8243; _module_preset=&#8220;ca5459fa-2abd-4000-9b59-3cb483bcc17e&#8220; text_orientation=&#8220;right&#8220; text_orientation_tablet=&#8220;&#8220; text_orientation_phone=&#8220;left&#8220; text_orientation_last_edited=&#8220;on|phone&#8220; locked=&#8220;off&#8220; global_colors_info=&#8220;{}&#8220;]<\/p>\n<p>19. \u2013 21.05.2025<\/p>\n<p>[\/et_pb_text][et_pb_text module_class=&#8220;ai_ignore_all&#8220; _builder_version=&#8220;4.27.4&#8243; _module_preset=&#8220;ca5459fa-2abd-4000-9b59-3cb483bcc17e&#8220; text_font=&#8220;&#8211;et_global_body_font|700|||||||&#8220; text_text_color=&#8220;gcid-heading-color&#8220; text_orientation=&#8220;right&#8220; text_orientation_tablet=&#8220;&#8220; text_orientation_phone=&#8220;left&#8220; text_orientation_last_edited=&#8220;on|phone&#8220; locked=&#8220;off&#8220; global_colors_info=&#8220;{%22gcid-primary-color%22:%91%22link_text_color%22,%22link_text_color%22%93,%22gcid-heading-color%22:%91%22header_text_color%22,%22header_4_text_color%22,%22header_3_text_color%22,%22header_2_text_color%22,%22header_5_text_color%22,%22header_6_text_color%22,%22quote_text_color%22,%22text_text_color%22%93,%22gcid-secondary-color%22:%91%22quote_border_color%22,%22quote_border_color%22%93}&#8220;][\/et_pb_text][et_pb_button button_url=&#8220;https:\/\/seminare.lancologne.de\/seminare\/mobile-forensik\/praesenztraining-mobile-forensik-mit-mobiledit-forensics-19-21-05-2025\/&#8220; button_text=&#8220;Mehr erfahren&#8220; button_alignment=&#8220;right&#8220; button_alignment_tablet=&#8220;&#8220; button_alignment_phone=&#8220;left&#8220; button_alignment_last_edited=&#8220;on|phone&#8220; _builder_version=&#8220;4.27.4&#8243; _module_preset=&#8220;1bffc0fc-42a0-49d1-bd9a-ae3ade2d7206&#8243; locked=&#8220;off&#8220; global_colors_info=&#8220;{%22gcid-36fd78a7-34bc-404d-873c-dafa34efaae5%22:%91%22button_text_color%22%93}&#8220;][\/et_pb_button][\/et_pb_column][\/et_pb_row][et_pb_row column_structure=&#8220;2_3,1_3&#8243; disabled_on=&#8220;off|off|off&#8220; _builder_version=&#8220;4.27.4&#8243; _module_preset=&#8220;5138c454-be54-4233-bd3b-f8e6a8747976&#8243; border_width_bottom=&#8220;2px&#8220; border_color_bottom=&#8220;rgba(0,0,0,0.06)&#8220; locked=&#8220;off&#8220; collapsed=&#8220;off&#8220; global_colors_info=&#8220;{}&#8220;][et_pb_column type=&#8220;2_3&#8243; _builder_version=&#8220;4.24.3&#8243; _module_preset=&#8220;default&#8220; global_colors_info=&#8220;{%22gcid-7cadd8b3-5228-48e4-90c4-212d09232f7b%22:%91%22color%22%93}&#8220;][et_pb_blurb title=&#8220;Pr\u00e4senztraining \u201eMobile Forensik mit MOBILedit Forensics\u201c&#8220; image=&#8220;https:\/\/seminare.lancologne.de\/wp-content\/uploads\/2024\/09\/0-054c2523-08d3-41f8-be84-874aeead8e06-800&#215;600.jpg&#8220; image_icon_width=&#8220;240px&#8220; icon_placement_tablet=&#8220;&#8220; icon_placement_phone=&#8220;top&#8220; icon_placement_last_edited=&#8220;on|tablet&#8220; image_icon_width_tablet=&#8220;30vw&#8220; image_icon_width_phone=&#8220;100%&#8220; image_icon_width_last_edited=&#8220;on|desktop&#8220; _builder_version=&#8220;4.27.4&#8243; _module_preset=&#8220;65059203-12d3-44f6-8371-3f5cf61a0475&#8243; header_font_size=&#8220;32px&#8220; image_icon_custom_margin=&#8220;|20px|||false|false&#8220; hover_enabled=&#8220;0&#8243; header_font_size_tablet=&#8220;22px&#8220; header_font_size_phone=&#8220;17px&#8220; header_font_size_last_edited=&#8220;on|desktop&#8220; locked=&#8220;off&#8220; global_colors_info=&#8220;{%22gcid-heading-color%22:%91%22header_text_color%22,%22header_text_color%22,%22header_text_color%22,%22header_text_color%22,%22header_text_color%22%93,%22gcid-primary-color%22:%91%22icon_color%22%93}&#8220; sticky_enabled=&#8220;0&#8243;]<\/p>\n<p>Erfahren Sie, wie Sie mobile Ger\u00e4te analysieren und wichtige Daten extrahieren k\u00f6nnen mit MOBILedit Forensics.<\/p>\n<p>[\/et_pb_blurb][\/et_pb_column][et_pb_column type=&#8220;1_3&#8243; _builder_version=&#8220;4.24.3&#8243; _module_preset=&#8220;default&#8220; background_color=&#8220;#ffffff&#8220; custom_padding_phone=&#8220;20px|20px|20px|20px|true|true&#8220; custom_padding_last_edited=&#8220;off|desktop&#8220; global_colors_info=&#8220;{%22gcid-7cadd8b3-5228-48e4-90c4-212d09232f7b%22:%91%22color%22%93}&#8220;][et_pb_text module_class=&#8220;ai_ignore_all&#8220; _builder_version=&#8220;4.27.4&#8243; _module_preset=&#8220;ca5459fa-2abd-4000-9b59-3cb483bcc17e&#8220; text_orientation=&#8220;right&#8220; text_orientation_tablet=&#8220;&#8220; text_orientation_phone=&#8220;left&#8220; text_orientation_last_edited=&#8220;on|phone&#8220; locked=&#8220;off&#8220; global_colors_info=&#8220;{}&#8220;]<\/p>\n<p>27. \u2013 29.10.2025<\/p>\n<p>[\/et_pb_text][et_pb_text module_class=&#8220;ai_ignore_all&#8220; _builder_version=&#8220;4.27.4&#8243; _module_preset=&#8220;ca5459fa-2abd-4000-9b59-3cb483bcc17e&#8220; text_font=&#8220;&#8211;et_global_body_font|700|||||||&#8220; text_text_color=&#8220;gcid-heading-color&#8220; text_orientation=&#8220;right&#8220; text_orientation_tablet=&#8220;&#8220; text_orientation_phone=&#8220;left&#8220; text_orientation_last_edited=&#8220;on|phone&#8220; locked=&#8220;off&#8220; global_colors_info=&#8220;{%22gcid-primary-color%22:%91%22link_text_color%22,%22link_text_color%22%93,%22gcid-heading-color%22:%91%22header_text_color%22,%22header_4_text_color%22,%22header_3_text_color%22,%22header_2_text_color%22,%22header_5_text_color%22,%22header_6_text_color%22,%22quote_text_color%22,%22text_text_color%22%93,%22gcid-secondary-color%22:%91%22quote_border_color%22,%22quote_border_color%22%93}&#8220;][\/et_pb_text][et_pb_button button_url=&#8220;https:\/\/seminare.lancologne.de\/seminare\/mobile-forensik\/praesenztraining-mobile-forensik-mit-mobiledit-forensics-27-29-10-2025\/&#8220; button_text=&#8220;Mehr erfahren&#8220; button_alignment=&#8220;right&#8220; button_alignment_tablet=&#8220;&#8220; button_alignment_phone=&#8220;left&#8220; button_alignment_last_edited=&#8220;on|phone&#8220; _builder_version=&#8220;4.27.4&#8243; _module_preset=&#8220;1bffc0fc-42a0-49d1-bd9a-ae3ade2d7206&#8243; locked=&#8220;off&#8220; global_colors_info=&#8220;{%22gcid-36fd78a7-34bc-404d-873c-dafa34efaae5%22:%91%22button_text_color%22%93}&#8220;][\/et_pb_button][\/et_pb_column][\/et_pb_row][\/et_pb_section][et_pb_section fb_built=&#8220;1&#8243; _builder_version=&#8220;4.27.0&#8243; _module_preset=&#8220;default&#8220; global_colors_info=&#8220;{}&#8220; collapsed=&#8220;on&#8220;][et_pb_row _builder_version=&#8220;4.27.0&#8243; _module_preset=&#8220;default&#8220; global_colors_info=&#8220;{}&#8220;][et_pb_column type=&#8220;4_4&#8243; _builder_version=&#8220;4.27.0&#8243; _module_preset=&#8220;default&#8220; global_colors_info=&#8220;{}&#8220;][et_pb_blurb title=&#8220;Unsere Expertise in der mobilen Forensik&#8220; _builder_version=&#8220;4.27.2&#8243; _module_preset=&#8220;default&#8220; custom_padding=&#8220;0px|||||&#8220; global_colors_info=&#8220;{}&#8220;]<\/p>\n<div>In der heutigen digitalen Welt hinterl\u00e4sst jeder Mensch zahlreiche Spuren auf mobilen Ger\u00e4ten. Smartphones und Tablets sind aus unserem Alltag nicht mehr wegzudenken und dienen nicht nur zur Kommunikation, sondern auch als Speicher f\u00fcr pers\u00f6nliche Daten, Fotos, Nachrichten und vieles mehr. Diese mobilen Endger\u00e4te sind zu wahren Datensammlern geworden und bieten f\u00fcr Unternehmen, Beh\u00f6rden und Ermittler wertvolle Einblicke in die digitale Aktivit\u00e4t von Personen. Bei LanCologne haben wir es uns zur Aufgabe gemacht, dieses Wissen an unsere Partner und Kunden weiterzugeben und ihnen die effektivsten Werkzeuge und Methoden zur Untersuchung und Analyse mobiler Ger\u00e4te bereitzustellen. Unsere Seminare und Schulungen bieten umfassende Einblicke in die neuesten Techniken und Best Practices der mobilen Forensik.<\/div>\n<div><\/div>\n<div>\n<p>&nbsp;<\/p>\n<p>Die forensische Untersuchung von Mobilger\u00e4ten erfordert spezialisiertes Wissen und den Einsatz modernster Technologien. Wir bei LanCologne setzen auf bew\u00e4hrte und innovative Tools, um Daten aus Smartphones, Tablets und anderen tragbaren Ger\u00e4ten zu extrahieren und zu analysieren. Unser Ansatz umfasst:<\/p>\n<p>&nbsp;<\/p>\n<\/div>\n<div><\/div>\n<div>\n<p><strong> \u2022 Umfassende Datensammlung:<\/strong><\/p>\n<p>Unsere Experten sind in der Lage, Daten von Mobilger\u00e4ten unabh\u00e4ngig vom Betriebssystem zu extrahieren \u2013 sei es Android, iOS oder seltener genutzte Systeme wie KaiOS. Wir analysieren Anrufprotokolle, SMS, E-Mails, Chat-Nachrichten, Fotos, Videos, Standortdaten und vieles mehr. Besonders in der heutigen Welt der verschl\u00fcsselten Kommunikation sind wir darauf spezialisiert, auch Informationen aus Messengern wie WhatsApp, Signal, Telegram oder iMessage zu extrahieren. Durch diese umfassende Sammlung schaffen wir ein detailliertes Profil der Nutzung und Interaktionen eines Ger\u00e4tes.<\/p>\n<\/div>\n<div>\n<p><span><br \/><strong>\u2022 Pr\u00e4zise Analyse:<\/strong><\/span><\/p>\n<p>Mithilfe hoch entwickelter Analyse-Tools identifizieren wir relevante Muster, Verhaltensweisen und versteckte Informationen. Unsere Softwarel\u00f6sungen helfen uns dabei, selbst komplexe Datenstrukturen zu entschl\u00fcsseln und die darin verborgenen Daten sichtbar zu machen. Die forensische Auswertung umfasst auch die Analyse von Metadaten, etwa zur Bestimmung des Ursprungs einer Datei oder zur Verifizierung der Integrit\u00e4t von Nachrichten. Unsere F\u00e4higkeit, selbst gel\u00f6schte Daten wiederherzustellen und auszuwerten, macht uns zu einem verl\u00e4sslichen Partner f\u00fcr Ermittler und Beh\u00f6rden.<\/p>\n<\/div>\n<div>\n<p><span><br \/><strong>\u2022 Gerichtsverwertbare Beweise:<\/strong><\/span><\/p>\n<p>Ein wesentlicher Aspekt unserer Arbeit ist die Sicherstellung der Beweiskette. Unsere Technologien und Verfahren garantieren, dass die Datenintegrit\u00e4t w\u00e4hrend des gesamten forensischen Prozesses gewahrt bleibt. Damit stellen wir sicher, dass die gewonnenen Informationen auch vor Gericht Bestand haben und als gerichtsverwertbare Beweise verwendet werden k\u00f6nnen.<\/p>\n<\/div>\n<div><\/div>\n<div>Innovative Technologien und strategische Partnerschaften<\/div>\n<div><\/div>\n<div>Um unseren Kunden stets die modernsten Werkzeuge f\u00fcr die mobile Forensik bieten zu k\u00f6nnen, setzen wir bei LanCologne auf langfristige Partnerschaften mit f\u00fchrenden Herstellern von IT-Forensik-Software. Diese Zusammenarbeit erm\u00f6glicht es uns, stets die aktuellsten Technologien einzusetzen und unser Wissen kontinuierlich zu erweitern. Zu unseren namhaften Partnern z\u00e4hlen unter anderem:<\/div>\n<div><\/div>\n<div>\n<p><span><br \/><strong>\u2022 Elcomsoft:\u00a0<br \/><\/strong><\/span><span style=\"font-size: 16px; font-family: var(--et_global_body_font),serif; font-weight: var(--et_global_body_font_weight);\"><br \/>Elcomsoft ist ein f\u00fchrender Anbieter von Software f\u00fcr die Datenextraktion und -analyse. Mit ihren speziellen Tools zur Entschl\u00fcsselung und Extraktion aus mobilen Ger\u00e4ten unterst\u00fctzen sie uns bei der Analyse verschl\u00fcsselter Daten und bei der Extraktion von Daten aus iCloud- und Google-Konten, die mit mobilen Ger\u00e4ten verkn\u00fcpft sind. Dies erm\u00f6glicht eine umfassende Untersuchung der mobilen Aktivit\u00e4ten einer Person.<\/span><span><strong><\/strong><\/span><\/p>\n<\/div>\n<div><span><br \/><strong>\u2022 Belkasoft:\u00a0<\/strong><\/span><\/div>\n<div><span><strong><\/strong><\/span><\/div>\n<div><span><strong>\u00a0<\/strong><\/span><\/div>\n<div>Das Belkasoft Evidence Center ist f\u00fcr die Analyse digitaler Beweise aus mobilen Ger\u00e4ten und deren Cloud-Backups bekannt. Mit der F\u00e4higkeit, Daten aus einer Vielzahl von App- und Chat-Diensten sowie von sozialen Medien zu extrahieren, bietet Belkasoft uns die M\u00f6glichkeit, selbst komplexe und verschl\u00fcsselte Daten zu entschl\u00fcsseln und gerichtsverwertbare Analysen durchzuf\u00fchren.<\/div>\n<div><\/div>\n<div>\n<p><span><\/span><\/p>\n<h3><\/h3>\n<h3>\u2022 Mobiledit Forensic by Compelson:<\/h3>\n<p>Compelson bietet mit Mobiledit Forensic eine Softwarel\u00f6sung, die speziell f\u00fcr die umfassende Datenanalyse von Mobilger\u00e4ten entwickelt wurde. Diese L\u00f6sung erm\u00f6glicht uns eine detaillierte Analyse von Anrufverl\u00e4ufen, Nachrichten, Apps und weiteren ger\u00e4tespezifischen Daten. Die Plattform unterst\u00fctzt eine Vielzahl von Ger\u00e4tetypen und bietet dar\u00fcber hinaus Funktionen zur Wiederherstellung gel\u00f6schter Daten, was in vielen Ermittlungsf\u00e4llen von entscheidender Bedeutung ist.<\/p>\n<\/div>\n<div><span><br \/><strong>\u2022 Oxygen Forensics:\u00a0<\/strong><\/span><\/div>\n<div><\/div>\n<div><\/div>\n<div><\/div>\n<div><\/div>\n<div>Ein weiterer starker Partner ist Oxygen Forensics, der f\u00fcr seine benutzerfreundlichen und gleichzeitig leistungsstarken L\u00f6sungen zur mobilen Datenextraktion bekannt ist. Mit den Tools von Oxygen k\u00f6nnen wir tief in das Betriebssystem mobiler Ger\u00e4te eindringen und umfassende Datenextraktionen durchf\u00fchren, die weit \u00fcber das hinausgehen, was herk\u00f6mmliche Tools leisten k\u00f6nnen. Dies ist insbesondere bei der Analyse von Apps und verschl\u00fcsselten Nachrichten wichtig.<\/div>\n<div><span><br \/><strong>\u2022 Detego Global:\u00a0<\/strong><\/span><\/div>\n<div><\/div>\n<div>Detego bietet fortschrittliche L\u00f6sungen f\u00fcr die mobile Forensik und das Fallmanagement, die es uns erm\u00f6glichen, Daten schnell zu analysieren und zu visualisieren. Dies ist besonders hilfreich, um gro\u00dfe Datenmengen zu durchsuchen und relevante Informationen effizient zu extrahieren. Ihre Tools bieten spezielle Funktionen zur Analyse von Geodaten und zur Verkn\u00fcpfung von Ereignissen, was bei der Aufkl\u00e4rung von Straftaten von unsch\u00e4tzbarem Wert ist.<\/div>\n<div><\/div>\n<div>Engagement f\u00fcr Wissensaustausch und Weiterbildung<\/div>\n<div><\/div>\n<div><\/div>\n<div>Bei LanCologne sind wir davon \u00fcberzeugt, dass der Austausch von Wissen und die kontinuierliche Weiterbildung entscheidend sind, um in der schnelllebigen Welt der mobilen Forensik immer einen Schritt voraus zu sein. Unsere Seminare und Schulungen vermitteln den Teilnehmern praxisnahes Wissen und bieten detaillierte Einblicke in die neuesten Entwicklungen und Techniken der mobilen Datenextraktion und -analyse.<\/div>\n<div><\/div>\n<div><span><br \/><strong>\u2022 Ma\u00dfgeschneiderte Schulungen:<\/strong> <\/span><\/div>\n<div><span><br \/>Unsere Schulungen werden individuell auf die Bed\u00fcrfnisse der Teilnehmer abgestimmt. Ob f\u00fcr Strafverfolgungsbeh\u00f6rden, Unternehmen oder IT-Sicherheitsbeauftragte \u2013 wir bieten spezifische Trainings, die sich mit den besonderen Herausforderungen der mobilen Forensik auseinandersetzen. Themen wie die forensische Analyse von iPhones und Android-Ger\u00e4ten, die Wiederherstellung gel\u00f6schter Daten oder die gerichtsverwertbare Sicherung digitaler Beweise stehen im Mittelpunkt unserer Schulungsangebote.<\/span><\/div>\n<div><span><br \/><strong>\u2022 Praxisorientierte Workshops:<\/strong> <\/span><\/div>\n<div><span><\/span><\/div>\n<div><span><br \/>Neben theoretischen Grundlagen legen wir gro\u00dfen Wert auf praxisorientierte Workshops. Unsere Teilnehmer haben die M\u00f6glichkeit, verschiedene Tools und Technologien selbst zu testen und reale Szenarien nachzustellen. So stellen wir sicher, dass das erworbene Wissen sofort in der Praxis angewendet werden kann.<\/span><\/div>\n<div><\/div>\n<div>Durch unsere enge Zusammenarbeit mit f\u00fchrenden IT-Forensik-Herstellern und unsere umfassende Erfahrung in der Untersuchung mobiler Ger\u00e4te sind wir in der Lage, unseren Kunden stets die besten L\u00f6sungen anzubieten. LanCologne ist Ihr verl\u00e4sslicher Partner in der mobilen Forensik und bietet Ihnen das Wissen und die Werkzeuge, die Sie ben\u00f6tigen, um digitale Spuren effektiv zu sichern und zu analysieren.<\/div>\n<p>[\/et_pb_blurb][\/et_pb_column][\/et_pb_row][et_pb_row _builder_version=&#8220;4.24.3&#8243; _module_preset=&#8220;5138c454-be54-4233-bd3b-f8e6a8747976&#8243; global_colors_info=&#8220;{}&#8220;][et_pb_column type=&#8220;4_4&#8243; _builder_version=&#8220;4.18.0&#8243; _module_preset=&#8220;73121f80-a3ef-4484-8763-c3f18e3c56d2&#8243; global_colors_info=&#8220;{}&#8220;][et_pb_cta title=&#8220;Jetzt f\u00fcr unsere Seminare anmelden!&#8220; button_url=&#8220;\/kontakt&#8220; button_text=&#8220;Mehr erfahren&#8220; _builder_version=&#8220;4.27.0&#8243; _module_preset=&#8220;4c2ad5d0-871e-414e-a4be-aa9134d4ae8e&#8220; header_text_color=&#8220;#FFFFFF&#8220; body_text_color=&#8220;#FFFFFF&#8220; background_color=&#8220;gcid-primary-color&#8220; use_background_color_gradient=&#8220;on&#8220; background_color_gradient_direction=&#8220;65deg&#8220; background_color_gradient_stops=&#8220;#000000 0%|rgba(255,255,255,0) 100%&#8220; background_color_gradient_overlays_image=&#8220;on&#8220; background_enable_image=&#8220;off&#8220; button_text_color=&#8220;gcid-secondary-color&#8220; button_bg_color=&#8220;#FFFFFF&#8220; custom_padding=&#8220;60px|60px|60px|60px|true|true&#8220; custom_padding_tablet=&#8220;30px|30px|30px|30px|true|true&#8220; custom_padding_phone=&#8220;20px|20px|20px|20px|true|true&#8220; custom_padding_last_edited=&#8220;on|desktop&#8220; locked=&#8220;off&#8220; global_colors_info=&#8220;{%22gcid-heading-color%22:%91%22header_text_color%22,%22header_text_color%22%93,%22gcid-36fd78a7-34bc-404d-873c-dafa34efaae5%22:%91%22color%22%93,%22gcid-7cadd8b3-5228-48e4-90c4-212d09232f7b%22:%91%22header_text_color%22,%22header_text_color%22,%22color%22,%22color%22,%22color%22,%22color%22%93,%22gcid-primary-color%22:%91%22button_bg_color%22,%22button_bg_color%22,%22background_color%22%93,%22gcid-body-color%22:%91%22body_text_color%22,%22body_text_color%22%93,%22gcid-f113ad93-2527-46d7-862b-fc71181c6b5e%22:%91%22border_color_all%22,%22border_color_all%22%93,%22gcid-secondary-color%22:%91%22button_text_color%22%93}&#8220; text_font_size_tablet=&#8220;16px&#8220; text_font_size_phone=&#8220;14px&#8220; text_font_size_last_edited=&#8220;on|phone&#8220;]<\/p>\n<p>Nutzen Sie die Gelegenheit, Ihre Kenntnisse in IT-Forensik, Mobile-Forensik und Datenrettung zu erweitern. Melden Sie sich noch heute f\u00fcr unsere Seminare an oder fordern Sie weitere Informationen an, um Ihre Karriere voranzutreiben.<\/p>\n<p>[\/et_pb_cta][\/et_pb_column][\/et_pb_row][\/et_pb_section]<\/p>\n","protected":false},"excerpt":{"rendered":"<p>Erfahren Sie, wie Sie mobile Ger\u00e4te analysieren und wichtige Daten extrahieren k\u00f6nnen mit MOBILedit Forensics.19. \u2013 21.05.2025Erfahren Sie, wie Sie mobile Ger\u00e4te analysieren und wichtige Daten extrahieren k\u00f6nnen mit MOBILedit Forensics.27. \u2013 29.10.2025In der heutigen digitalen Welt hinterl\u00e4sst jeder Mensch zahlreiche Spuren auf mobilen Ger\u00e4ten. Smartphones und Tablets sind aus unserem Alltag nicht mehr wegzudenken [&hellip;]<\/p>\n","protected":false},"author":1,"featured_media":0,"parent":12,"menu_order":0,"comment_status":"closed","ping_status":"closed","template":"","meta":{"_et_pb_use_builder":"on","_et_pb_old_content":"","_et_gb_content_width":"","footnotes":""},"class_list":["post-1301","page","type-page","status-publish","hentry"],"_links":{"self":[{"href":"https:\/\/seminare.lancologne.de\/en\/wp-json\/wp\/v2\/pages\/1301","targetHints":{"allow":["GET"]}}],"collection":[{"href":"https:\/\/seminare.lancologne.de\/en\/wp-json\/wp\/v2\/pages"}],"about":[{"href":"https:\/\/seminare.lancologne.de\/en\/wp-json\/wp\/v2\/types\/page"}],"author":[{"embeddable":true,"href":"https:\/\/seminare.lancologne.de\/en\/wp-json\/wp\/v2\/users\/1"}],"replies":[{"embeddable":true,"href":"https:\/\/seminare.lancologne.de\/en\/wp-json\/wp\/v2\/comments?post=1301"}],"version-history":[{"count":4,"href":"https:\/\/seminare.lancologne.de\/en\/wp-json\/wp\/v2\/pages\/1301\/revisions"}],"predecessor-version":[{"id":1484,"href":"https:\/\/seminare.lancologne.de\/en\/wp-json\/wp\/v2\/pages\/1301\/revisions\/1484"}],"up":[{"embeddable":true,"href":"https:\/\/seminare.lancologne.de\/en\/wp-json\/wp\/v2\/pages\/12"}],"wp:attachment":[{"href":"https:\/\/seminare.lancologne.de\/en\/wp-json\/wp\/v2\/media?parent=1301"}],"curies":[{"name":"wp","href":"https:\/\/api.w.org\/{rel}","templated":true}]}}